{"id":837,"date":"2025-11-27T14:14:16","date_gmt":"2025-11-27T19:14:16","guid":{"rendered":"https:\/\/nscoesn-35e6c713fd-cxd2fma2bbh6g4df.z01.azurefd.net\/?page_id=837"},"modified":"2025-12-19T15:00:03","modified_gmt":"2025-12-19T20:00:03","slug":"articles","status":"publish","type":"page","link":"https:\/\/nscoesn.ca\/fr\/articles","title":{"rendered":"Articles"},"content":{"rendered":"<div class=\"wp-block-group alignfull has-global-padding is-layout-constrained wp-block-group-is-layout-constrained\">\n<div class=\"wp-block-cover alignfull\" style=\"min-height:300px;aspect-ratio:unset;\"><img loading=\"lazy\" decoding=\"async\" width=\"1024\" height=\"1024\" class=\"wp-block-cover__image-background wp-image-957 size-large\" alt=\"\" src=\"\/wp-content\/uploads\/8-193_NSCOESN-Shield-ecu-knight-reef-1024x1024.png\" style=\"object-position:50% 0%\" data-object-fit=\"cover\" data-object-position=\"50% 0%\" srcset=\"\/wp-content\/uploads\/8-193_NSCOESN-Shield-ecu-knight-reef-1024x1024.png 1024w, \/wp-content\/uploads\/8-193_NSCOESN-Shield-ecu-knight-reef-300x300.png 300w, \/wp-content\/uploads\/8-193_NSCOESN-Shield-ecu-knight-reef-150x150.png 150w, \/wp-content\/uploads\/8-193_NSCOESN-Shield-ecu-knight-reef-768x768.png 768w\" sizes=\"auto, (max-width: 1024px) 100vw, 1024px\" \/><span aria-hidden=\"true\" class=\"wp-block-cover__background has-contrast-background-color has-background-dim-60 has-background-dim\"><\/span><div class=\"wp-block-cover__inner-container has-global-padding is-layout-constrained wp-block-cover-is-layout-constrained\">\n<h1 class=\"wp-block-heading\"><strong>Articles publics<\/strong><\/h1>\n\n\n\n<h2 class=\"wp-block-heading\"><strong>Biblioth\u00e8que<\/strong><\/h2>\n<\/div><\/div>\n<\/div>\n\n\n\n<div class=\"wp-block-group alignwide has-global-padding is-content-justification-center is-layout-constrained wp-block-group-is-layout-constrained\" style=\"padding-top:0;padding-bottom:0\">\n<div class=\"wp-block-query is-layout-flow wp-block-query-is-layout-flow\">\n<div class=\"wp-block-group alignfull is-layout-flow wp-block-group-is-layout-flow\" style=\"padding-top:0;padding-right:0;padding-bottom:0;padding-left:0\"><ul style=\"text-transform:none;\" class=\"wp-block-post-template is-layout-flow wp-container-core-post-template-is-layout-5291b468 wp-block-post-template-is-layout-flow\"><li class=\"wp-block-post post-989 post type-post status-publish format-standard has-post-thumbnail hentry category-articles category-english-anglais category-french-francais category-law-droit category-security-securite\">\n\n<div class=\"wp-block-group has-global-padding is-layout-constrained wp-container-core-group-is-layout-8455dcaa wp-block-group-is-layout-constrained\" style=\"border-width:1px;margin-top:0;margin-bottom:0;padding-top:var(--wp--preset--spacing--20);padding-right:var(--wp--preset--spacing--20);padding-bottom:var(--wp--preset--spacing--20);padding-left:var(--wp--preset--spacing--20)\"><h2 style=\"font-style:normal;font-weight:600;line-height:1;\" class=\"has-link-color wp-elements-942411e77a889ed7cc495611762f183e wp-block-post-title has-text-color has-contrast-color has-x-large-font-size\"><a href=\"https:\/\/nscoesn.ca\/fr\/archives\/989\" target=\"_self\" >Incident au mus\u00e9e du Louvre<\/a><\/h2>\n\n\n<div class=\"wp-block-group is-vertical is-layout-flex wp-container-core-group-is-layout-76ceaf21 wp-block-group-is-layout-flex\" style=\"margin-top:0;margin-bottom:0;padding-bottom:0\"><div style=\"font-size:clamp(0.875rem, 0.875rem + ((1vw - 0.2rem) * 0.039), 0.9rem);letter-spacing:1px; margin-top:0;margin-right:0;margin-bottom:0;margin-left:0;\" class=\"has-text-align-left has-link-color wp-elements-dcff9c8b73eb2a4dd62e72f9f976a584 wp-block-post-date has-text-color has-contrast-color\"><time datetime=\"2025-10-21T10:11:00-04:00\">2025 octobre 21<\/time><\/div>\n\n\n<div class=\"wp-block-group has-global-padding is-layout-constrained wp-block-group-is-layout-constrained\" style=\"margin-top:0;margin-bottom:0\"><div class=\"wp-block-post-excerpt has-small-font-size\"><p class=\"wp-block-post-excerpt__excerpt\">Vous avez probablement d\u00e9j\u00e0 lu ou entendu que le mus\u00e9e du Louvre a \u00e9t\u00e9 cambriol\u00e9 dimanche matin en quelques minutes. Sur Internet, quelqu'un a \u00e9crit \u00ab allez voir au British Museum \u00bb \u2013 une remarque bien impertinente.\n\nS\u00e9rieusement, l'aile \u00e9tait ferm\u00e9e pour travaux, les auteurs ont utilis\u00e9 une grande \u00e9chelle, ont d\u00e9coup\u00e9 une fen\u00eatre, ont bris\u00e9 deux vitrines de haute s\u00e9curit\u00e9 et ont vol\u00e9 des bijoux pr\u00e9c\u00e9demment port\u00e9s par des reines et des imp\u00e9ratrices. Deux des objets ont \u00e9t\u00e9 retrouv\u00e9s, la couronne d\u00e9sormais endommag\u00e9e de l'imp\u00e9ratrice. Eug\u00e9nie et la deuxi\u00e8me n'a... <\/p><\/div>\n\n<figure style=\"aspect-ratio:16\/9;\" class=\"wp-block-post-featured-image\"><a href=\"https:\/\/nscoesn.ca\/fr\/archives\/989\" target=\"_self\"  ><img loading=\"lazy\" decoding=\"async\" width=\"737\" height=\"737\" src=\"\/wp-content\/uploads\/989-1.jpg\" class=\"attachment-full size-full wp-post-image\" alt=\"Louvre museum incident\" style=\"width:100%;height:100%;object-fit:cover;\" srcset=\"\/wp-content\/uploads\/989-1.jpg 737w, \/wp-content\/uploads\/989-1-300x300.jpg 300w, \/wp-content\/uploads\/989-1-150x150.jpg 150w, \/wp-content\/uploads\/989-1-12x12.jpg 12w\" sizes=\"auto, (max-width: 737px) 100vw, 737px\" \/><\/a><\/figure>\n\n<div class=\"taxonomy-category wp-block-post-terms\"><a href=\"https:\/\/nscoesn.ca\/fr\/archives\/category\/articles\" rel=\"tag\">Articles<\/a><span class=\"wp-block-post-terms__separator\">, <\/span><a href=\"https:\/\/nscoesn.ca\/fr\/archives\/category\/articles\/english-anglais\" rel=\"tag\">English-anglais<\/a><span class=\"wp-block-post-terms__separator\">, <\/span><a href=\"https:\/\/nscoesn.ca\/fr\/archives\/category\/articles\/french-francais\" rel=\"tag\">French-fran\u00e7ais<\/a><span class=\"wp-block-post-terms__separator\">, <\/span><a href=\"https:\/\/nscoesn.ca\/fr\/archives\/category\/articles\/law-droit\" rel=\"tag\">Law-droit<\/a><span class=\"wp-block-post-terms__separator\">, <\/span><a href=\"https:\/\/nscoesn.ca\/fr\/archives\/category\/articles\/security-securite\" rel=\"tag\">Security-s\u00e9curit\u00e9<\/a><\/div><\/div>\n<\/div>\n<\/div>\n\n<\/li><li class=\"wp-block-post post-1044 post type-post status-publish format-standard has-post-thumbnail hentry category-articles category-english-anglais category-law-droit category-policy-politique category-politics-politiques\">\n\n<div class=\"wp-block-group has-global-padding is-layout-constrained wp-container-core-group-is-layout-8455dcaa wp-block-group-is-layout-constrained\" style=\"border-width:1px;margin-top:0;margin-bottom:0;padding-top:var(--wp--preset--spacing--20);padding-right:var(--wp--preset--spacing--20);padding-bottom:var(--wp--preset--spacing--20);padding-left:var(--wp--preset--spacing--20)\"><h2 style=\"font-style:normal;font-weight:600;line-height:1;\" class=\"has-link-color wp-elements-942411e77a889ed7cc495611762f183e wp-block-post-title has-text-color has-contrast-color has-x-large-font-size\"><a href=\"https:\/\/nscoesn.ca\/fr\/archives\/1044\" target=\"_self\" >Truth &amp; reconciliation<\/a><\/h2>\n\n\n<div class=\"wp-block-group is-vertical is-layout-flex wp-container-core-group-is-layout-76ceaf21 wp-block-group-is-layout-flex\" style=\"margin-top:0;margin-bottom:0;padding-bottom:0\"><div style=\"font-size:clamp(0.875rem, 0.875rem + ((1vw - 0.2rem) * 0.039), 0.9rem);letter-spacing:1px; margin-top:0;margin-right:0;margin-bottom:0;margin-left:0;\" class=\"has-text-align-left has-link-color wp-elements-dcff9c8b73eb2a4dd62e72f9f976a584 wp-block-post-date has-text-color has-contrast-color\"><time datetime=\"2025-09-26T15:05:00-04:00\">2025 septembre 26<\/time><\/div>\n\n\n<div class=\"wp-block-group has-global-padding is-layout-constrained wp-block-group-is-layout-constrained\" style=\"margin-top:0;margin-bottom:0\"><div class=\"wp-block-post-excerpt has-small-font-size\"><p class=\"wp-block-post-excerpt__excerpt\">In a few days, on September 30, Canadians take the day to recognize the harm to indigenous people and their societies, we call it the &#8220;national day for truth and reconciliation.&#8221; While it is often attributed to commemorate the victims and survivors of residential schools (children, families, generations), many of us also attribute the day&hellip; <\/p><\/div>\n\n<figure style=\"aspect-ratio:16\/9;\" class=\"wp-block-post-featured-image\"><a href=\"https:\/\/nscoesn.ca\/fr\/archives\/1044\" target=\"_self\"  ><img loading=\"lazy\" decoding=\"async\" width=\"1920\" height=\"1080\" src=\"\/wp-content\/uploads\/8-193_NSCOESN-Blazon-blason-1920x1080-1.png\" class=\"attachment-full size-full wp-post-image\" alt=\"Truth &amp; reconciliation\" style=\"width:100%;height:100%;object-fit:cover;\" srcset=\"\/wp-content\/uploads\/8-193_NSCOESN-Blazon-blason-1920x1080-1.png 1920w, \/wp-content\/uploads\/8-193_NSCOESN-Blazon-blason-1920x1080-1-1536x864.png 1536w\" sizes=\"auto, (max-width: 1920px) 100vw, 1920px\" \/><\/a><\/figure>\n\n<div class=\"taxonomy-category wp-block-post-terms\"><a href=\"https:\/\/nscoesn.ca\/fr\/archives\/category\/articles\" rel=\"tag\">Articles<\/a><span class=\"wp-block-post-terms__separator\">, <\/span><a href=\"https:\/\/nscoesn.ca\/fr\/archives\/category\/articles\/english-anglais\" rel=\"tag\">English-anglais<\/a><span class=\"wp-block-post-terms__separator\">, <\/span><a href=\"https:\/\/nscoesn.ca\/fr\/archives\/category\/articles\/law-droit\" rel=\"tag\">Law-droit<\/a><span class=\"wp-block-post-terms__separator\">, <\/span><a href=\"https:\/\/nscoesn.ca\/fr\/archives\/category\/articles\/policy-politique\" rel=\"tag\">Policy-politique<\/a><span class=\"wp-block-post-terms__separator\">, <\/span><a href=\"https:\/\/nscoesn.ca\/fr\/archives\/category\/articles\/politics-politiques\" rel=\"tag\">Politics-politiques<\/a><\/div><\/div>\n<\/div>\n<\/div>\n\n<\/li><li class=\"wp-block-post post-996 post type-post status-publish format-standard has-post-thumbnail hentry category-articles category-english-anglais category-politics-politiques\">\n\n<div class=\"wp-block-group has-global-padding is-layout-constrained wp-container-core-group-is-layout-8455dcaa wp-block-group-is-layout-constrained\" style=\"border-width:1px;margin-top:0;margin-bottom:0;padding-top:var(--wp--preset--spacing--20);padding-right:var(--wp--preset--spacing--20);padding-bottom:var(--wp--preset--spacing--20);padding-left:var(--wp--preset--spacing--20)\"><h2 style=\"font-style:normal;font-weight:600;line-height:1;\" class=\"has-link-color wp-elements-942411e77a889ed7cc495611762f183e wp-block-post-title has-text-color has-contrast-color has-x-large-font-size\"><a href=\"https:\/\/nscoesn.ca\/fr\/archives\/996\" target=\"_self\" >&#8220;It may be dangerous to be America&#8217;s enemy, but to be America&#8217;s friend is fatal&#8221;<\/a><\/h2>\n\n\n<div class=\"wp-block-group is-vertical is-layout-flex wp-container-core-group-is-layout-76ceaf21 wp-block-group-is-layout-flex\" style=\"margin-top:0;margin-bottom:0;padding-bottom:0\"><div style=\"font-size:clamp(0.875rem, 0.875rem + ((1vw - 0.2rem) * 0.039), 0.9rem);letter-spacing:1px; margin-top:0;margin-right:0;margin-bottom:0;margin-left:0;\" class=\"has-text-align-left has-link-color wp-elements-dcff9c8b73eb2a4dd62e72f9f976a584 wp-block-post-date has-text-color has-contrast-color\"><time datetime=\"2025-08-08T08:44:34-04:00\">2025 ao\u00fbt 08<\/time><\/div>\n\n\n<div class=\"wp-block-group has-global-padding is-layout-constrained wp-block-group-is-layout-constrained\" style=\"margin-top:0;margin-bottom:0\"><div class=\"wp-block-post-excerpt has-small-font-size\"><p class=\"wp-block-post-excerpt__excerpt\">The follwing quote came up in discussions on Wednesday, and we notice online that it\u2019s being ab\/used to support various positions. Because of this, we thought we would shed some light on the quote and let the readers formulate their own opinions. \u201cThe word will go out to the nations of the world that it&hellip; <\/p><\/div>\n\n<figure style=\"aspect-ratio:16\/9;\" class=\"wp-block-post-featured-image\"><a href=\"https:\/\/nscoesn.ca\/fr\/archives\/996\" target=\"_self\"  ><img loading=\"lazy\" decoding=\"async\" width=\"706\" height=\"552\" src=\"\/wp-content\/uploads\/996-1.jpg\" class=\"attachment-full size-full wp-post-image\" alt=\"&#8220;It may be dangerous to be America&#8217;s enemy, but to be America&#8217;s friend is fatal&#8221;\" style=\"width:100%;height:100%;object-fit:cover;\" srcset=\"\/wp-content\/uploads\/996-1.jpg 706w, \/wp-content\/uploads\/996-1-15x12.jpg 15w\" sizes=\"auto, (max-width: 706px) 100vw, 706px\" \/><\/a><\/figure>\n\n<div class=\"taxonomy-category wp-block-post-terms\"><a href=\"https:\/\/nscoesn.ca\/fr\/archives\/category\/articles\" rel=\"tag\">Articles<\/a><span class=\"wp-block-post-terms__separator\">, <\/span><a href=\"https:\/\/nscoesn.ca\/fr\/archives\/category\/articles\/english-anglais\" rel=\"tag\">English-anglais<\/a><span class=\"wp-block-post-terms__separator\">, <\/span><a href=\"https:\/\/nscoesn.ca\/fr\/archives\/category\/articles\/politics-politiques\" rel=\"tag\">Politics-politiques<\/a><\/div><\/div>\n<\/div>\n<\/div>\n\n<\/li><li class=\"wp-block-post post-1002 post type-post status-publish format-standard has-post-thumbnail hentry category-articles category-english-anglais category-law-droit category-policy-politique category-security-securite\">\n\n<div class=\"wp-block-group has-global-padding is-layout-constrained wp-container-core-group-is-layout-8455dcaa wp-block-group-is-layout-constrained\" style=\"border-width:1px;margin-top:0;margin-bottom:0;padding-top:var(--wp--preset--spacing--20);padding-right:var(--wp--preset--spacing--20);padding-bottom:var(--wp--preset--spacing--20);padding-left:var(--wp--preset--spacing--20)\"><h2 style=\"font-style:normal;font-weight:600;line-height:1;\" class=\"has-link-color wp-elements-942411e77a889ed7cc495611762f183e wp-block-post-title has-text-color has-contrast-color has-x-large-font-size\"><a href=\"https:\/\/nscoesn.ca\/fr\/archives\/1002\" target=\"_self\" >Crime and violent crime in Canada<\/a><\/h2>\n\n\n<div class=\"wp-block-group is-vertical is-layout-flex wp-container-core-group-is-layout-76ceaf21 wp-block-group-is-layout-flex\" style=\"margin-top:0;margin-bottom:0;padding-bottom:0\"><div style=\"font-size:clamp(0.875rem, 0.875rem + ((1vw - 0.2rem) * 0.039), 0.9rem);letter-spacing:1px; margin-top:0;margin-right:0;margin-bottom:0;margin-left:0;\" class=\"has-text-align-left has-link-color wp-elements-dcff9c8b73eb2a4dd62e72f9f976a584 wp-block-post-date has-text-color has-contrast-color\"><time datetime=\"2025-07-30T23:34:48-04:00\">2025 juillet 30<\/time><\/div>\n\n\n<div class=\"wp-block-group has-global-padding is-layout-constrained wp-block-group-is-layout-constrained\" style=\"margin-top:0;margin-bottom:0\"><div class=\"wp-block-post-excerpt has-small-font-size\"><p class=\"wp-block-post-excerpt__excerpt\">The NSCOESN team members enjoyed watching the near hour long Stephen Harper interview on July 28, 2025 for the Council of State Governments\u2019 Midwestern Legislative Conference held at Saskatoon\u2019s TCU Place, Saskatchewan. We captured several quotes, and encourage you to watch the entire interview by Victor Thomas, president and CEO of the Canada-India Business Council.&hellip; <\/p><\/div>\n\n<figure style=\"aspect-ratio:16\/9;\" class=\"wp-block-post-featured-image\"><a href=\"https:\/\/nscoesn.ca\/fr\/archives\/1002\" target=\"_self\"  ><img loading=\"lazy\" decoding=\"async\" width=\"2238\" height=\"1215\" src=\"\/wp-content\/uploads\/1002-1.jpg\" class=\"attachment-full size-full wp-post-image\" alt=\"Crime and violent crime in Canada\" style=\"width:100%;height:100%;object-fit:cover;\" srcset=\"\/wp-content\/uploads\/1002-1.jpg 2238w, \/wp-content\/uploads\/1002-1-1536x834.jpg 1536w, \/wp-content\/uploads\/1002-1-2048x1112.jpg 2048w, \/wp-content\/uploads\/1002-1-18x10.jpg 18w\" sizes=\"auto, (max-width: 2238px) 100vw, 2238px\" \/><\/a><\/figure>\n\n<div class=\"taxonomy-category wp-block-post-terms\"><a href=\"https:\/\/nscoesn.ca\/fr\/archives\/category\/articles\" rel=\"tag\">Articles<\/a><span class=\"wp-block-post-terms__separator\">, <\/span><a href=\"https:\/\/nscoesn.ca\/fr\/archives\/category\/articles\/english-anglais\" rel=\"tag\">English-anglais<\/a><span class=\"wp-block-post-terms__separator\">, <\/span><a href=\"https:\/\/nscoesn.ca\/fr\/archives\/category\/articles\/law-droit\" rel=\"tag\">Law-droit<\/a><span class=\"wp-block-post-terms__separator\">, <\/span><a href=\"https:\/\/nscoesn.ca\/fr\/archives\/category\/articles\/policy-politique\" rel=\"tag\">Policy-politique<\/a><span class=\"wp-block-post-terms__separator\">, <\/span><a href=\"https:\/\/nscoesn.ca\/fr\/archives\/category\/articles\/security-securite\" rel=\"tag\">Security-s\u00e9curit\u00e9<\/a><\/div><\/div>\n<\/div>\n<\/div>\n\n<\/li><li class=\"wp-block-post post-1026 post type-post status-publish format-standard has-post-thumbnail hentry category-articles category-english-anglais category-law-droit category-policy-politique\">\n\n<div class=\"wp-block-group has-global-padding is-layout-constrained wp-container-core-group-is-layout-8455dcaa wp-block-group-is-layout-constrained\" style=\"border-width:1px;margin-top:0;margin-bottom:0;padding-top:var(--wp--preset--spacing--20);padding-right:var(--wp--preset--spacing--20);padding-bottom:var(--wp--preset--spacing--20);padding-left:var(--wp--preset--spacing--20)\"><h2 style=\"font-style:normal;font-weight:600;line-height:1;\" class=\"has-link-color wp-elements-942411e77a889ed7cc495611762f183e wp-block-post-title has-text-color has-contrast-color has-x-large-font-size\"><a href=\"https:\/\/nscoesn.ca\/fr\/archives\/1026\" target=\"_self\" >Canada-Emirates drug trafficking<\/a><\/h2>\n\n\n<div class=\"wp-block-group is-vertical is-layout-flex wp-container-core-group-is-layout-76ceaf21 wp-block-group-is-layout-flex\" style=\"margin-top:0;margin-bottom:0;padding-bottom:0\"><div style=\"font-size:clamp(0.875rem, 0.875rem + ((1vw - 0.2rem) * 0.039), 0.9rem);letter-spacing:1px; margin-top:0;margin-right:0;margin-bottom:0;margin-left:0;\" class=\"has-text-align-left has-link-color wp-elements-dcff9c8b73eb2a4dd62e72f9f976a584 wp-block-post-date has-text-color has-contrast-color\"><time datetime=\"2025-07-22T01:40:02-04:00\">2025 juillet 22<\/time><\/div>\n\n\n<div class=\"wp-block-group has-global-padding is-layout-constrained wp-block-group-is-layout-constrained\" style=\"margin-top:0;margin-bottom:0\"><div class=\"wp-block-post-excerpt has-small-font-size\"><p class=\"wp-block-post-excerpt__excerpt\">Reported by the Emirates Ministry of Interior (MoI), on July 18, 2025 the Sharjah police (UAE) seized 131 kg of narcotics and psychotropics as they tracked the smuggling from Toronto Canada port, through the St. Lawrence Seaway, into M\u00e1laga Spain port, and on its way to the UAE (Sharjah is adjacent to Dubai). Seven people&hellip; <\/p><\/div>\n\n<figure style=\"aspect-ratio:16\/9;\" class=\"wp-block-post-featured-image\"><a href=\"https:\/\/nscoesn.ca\/fr\/archives\/1026\" target=\"_self\"  ><img loading=\"lazy\" decoding=\"async\" width=\"1206\" height=\"678\" src=\"\/wp-content\/uploads\/1026-1.jpg\" class=\"attachment-full size-full wp-post-image\" alt=\"Canada-Emirates drug trafficking\" style=\"width:100%;height:100%;object-fit:cover;\" srcset=\"\/wp-content\/uploads\/1026-1.jpg 1206w, \/wp-content\/uploads\/1026-1-18x10.jpg 18w\" sizes=\"auto, (max-width: 1206px) 100vw, 1206px\" \/><\/a><\/figure>\n\n<div class=\"taxonomy-category wp-block-post-terms\"><a href=\"https:\/\/nscoesn.ca\/fr\/archives\/category\/articles\" rel=\"tag\">Articles<\/a><span class=\"wp-block-post-terms__separator\">, <\/span><a href=\"https:\/\/nscoesn.ca\/fr\/archives\/category\/articles\/english-anglais\" rel=\"tag\">English-anglais<\/a><span class=\"wp-block-post-terms__separator\">, <\/span><a href=\"https:\/\/nscoesn.ca\/fr\/archives\/category\/articles\/law-droit\" rel=\"tag\">Law-droit<\/a><span class=\"wp-block-post-terms__separator\">, <\/span><a href=\"https:\/\/nscoesn.ca\/fr\/archives\/category\/articles\/policy-politique\" rel=\"tag\">Policy-politique<\/a><\/div><\/div>\n<\/div>\n<\/div>\n\n<\/li><li class=\"wp-block-post post-1030 post type-post status-publish format-standard has-post-thumbnail hentry category-articles category-english-anglais category-policy-politique category-politics-politiques\">\n\n<div class=\"wp-block-group has-global-padding is-layout-constrained wp-container-core-group-is-layout-8455dcaa wp-block-group-is-layout-constrained\" style=\"border-width:1px;margin-top:0;margin-bottom:0;padding-top:var(--wp--preset--spacing--20);padding-right:var(--wp--preset--spacing--20);padding-bottom:var(--wp--preset--spacing--20);padding-left:var(--wp--preset--spacing--20)\"><h2 style=\"font-style:normal;font-weight:600;line-height:1;\" class=\"has-link-color wp-elements-942411e77a889ed7cc495611762f183e wp-block-post-title has-text-color has-contrast-color has-x-large-font-size\"><a href=\"https:\/\/nscoesn.ca\/fr\/archives\/1030\" target=\"_self\" >Canada&#8217;s financial stability<\/a><\/h2>\n\n\n<div class=\"wp-block-group is-vertical is-layout-flex wp-container-core-group-is-layout-76ceaf21 wp-block-group-is-layout-flex\" style=\"margin-top:0;margin-bottom:0;padding-bottom:0\"><div style=\"font-size:clamp(0.875rem, 0.875rem + ((1vw - 0.2rem) * 0.039), 0.9rem);letter-spacing:1px; margin-top:0;margin-right:0;margin-bottom:0;margin-left:0;\" class=\"has-text-align-left has-link-color wp-elements-dcff9c8b73eb2a4dd62e72f9f976a584 wp-block-post-date has-text-color has-contrast-color\"><time datetime=\"2025-07-21T06:18:42-04:00\">2025 juillet 21<\/time><\/div>\n\n\n<div class=\"wp-block-group has-global-padding is-layout-constrained wp-block-group-is-layout-constrained\" style=\"margin-top:0;margin-bottom:0\"><div class=\"wp-block-post-excerpt has-small-font-size\"><p class=\"wp-block-post-excerpt__excerpt\">Financial stability is a pillar of national security. Canada\u2019s debt management strategy tabled by the Department of Finance is requesting to borrow $147 B for 2025\/26 (see table 1) and includes $30 B to fund purcases of Canada mortgage bonds. This results in a $1.6 T market debt alone (see table 3). We remain curious&hellip; <\/p><\/div>\n\n<figure style=\"aspect-ratio:16\/9;\" class=\"wp-block-post-featured-image\"><a href=\"https:\/\/nscoesn.ca\/fr\/archives\/1030\" target=\"_self\"  ><img loading=\"lazy\" decoding=\"async\" width=\"1206\" height=\"1548\" src=\"\/wp-content\/uploads\/1030-1.jpg\" class=\"attachment-full size-full wp-post-image\" alt=\"Canada&#8217;s financial stability\" style=\"width:100%;height:100%;object-fit:cover;\" srcset=\"\/wp-content\/uploads\/1030-1.jpg 1206w, \/wp-content\/uploads\/1030-1-1197x1536.jpg 1197w, \/wp-content\/uploads\/1030-1-9x12.jpg 9w\" sizes=\"auto, (max-width: 1206px) 100vw, 1206px\" \/><\/a><\/figure>\n\n<div class=\"taxonomy-category wp-block-post-terms\"><a href=\"https:\/\/nscoesn.ca\/fr\/archives\/category\/articles\" rel=\"tag\">Articles<\/a><span class=\"wp-block-post-terms__separator\">, <\/span><a href=\"https:\/\/nscoesn.ca\/fr\/archives\/category\/articles\/english-anglais\" rel=\"tag\">English-anglais<\/a><span class=\"wp-block-post-terms__separator\">, <\/span><a href=\"https:\/\/nscoesn.ca\/fr\/archives\/category\/articles\/policy-politique\" rel=\"tag\">Policy-politique<\/a><span class=\"wp-block-post-terms__separator\">, <\/span><a href=\"https:\/\/nscoesn.ca\/fr\/archives\/category\/articles\/politics-politiques\" rel=\"tag\">Politics-politiques<\/a><\/div><\/div>\n<\/div>\n<\/div>\n\n<\/li><\/ul><\/div>\n\n\n\n<div class=\"wp-block-group has-global-padding is-content-justification-left is-layout-constrained wp-container-core-group-is-layout-d717a15b wp-block-group-is-layout-constrained\" style=\"margin-top:0;margin-bottom:0;padding-top:var(--wp--preset--spacing--50);padding-right:0;padding-bottom:0;padding-left:0\"><\/div>\n<\/div>\n<\/div>","protected":false},"excerpt":{"rendered":"","protected":false},"author":14,"featured_media":0,"parent":0,"menu_order":0,"comment_status":"closed","ping_status":"closed","template":"page-no-title","meta":{"_eb_attr":"","footnotes":""},"class_list":["post-837","page","type-page","status-publish","hentry"],"_links":{"self":[{"href":"https:\/\/nscoesn.ca\/fr\/wp-json\/wp\/v2\/pages\/837","targetHints":{"allow":["GET"]}}],"collection":[{"href":"https:\/\/nscoesn.ca\/fr\/wp-json\/wp\/v2\/pages"}],"about":[{"href":"https:\/\/nscoesn.ca\/fr\/wp-json\/wp\/v2\/types\/page"}],"author":[{"embeddable":true,"href":"https:\/\/nscoesn.ca\/fr\/wp-json\/wp\/v2\/users\/14"}],"replies":[{"embeddable":true,"href":"https:\/\/nscoesn.ca\/fr\/wp-json\/wp\/v2\/comments?post=837"}],"version-history":[{"count":24,"href":"https:\/\/nscoesn.ca\/fr\/wp-json\/wp\/v2\/pages\/837\/revisions"}],"predecessor-version":[{"id":1042,"href":"https:\/\/nscoesn.ca\/fr\/wp-json\/wp\/v2\/pages\/837\/revisions\/1042"}],"wp:attachment":[{"href":"https:\/\/nscoesn.ca\/fr\/wp-json\/wp\/v2\/media?parent=837"}],"curies":[{"name":"wp","href":"https:\/\/api.w.org\/{rel}","templated":true}]}}