{"id":832,"date":"2025-11-27T12:45:41","date_gmt":"2025-11-27T17:45:41","guid":{"rendered":"https:\/\/nscoesn-35e6c713fd-cxd2fma2bbh6g4df.z01.azurefd.net\/?page_id=832"},"modified":"2025-12-19T14:59:22","modified_gmt":"2025-12-19T19:59:22","slug":"heraldry-heraldique","status":"publish","type":"page","link":"https:\/\/nscoesn.ca\/fr\/heraldry-heraldique","title":{"rendered":"Heraldry-H\u00e9raldique"},"content":{"rendered":"<div class=\"wp-block-group alignfull has-global-padding is-layout-constrained wp-block-group-is-layout-constrained\">\n<div class=\"wp-block-cover alignfull\" style=\"min-height:350px;aspect-ratio:unset;\"><img decoding=\"async\" class=\"wp-block-cover__image-background wp-image-471 size-large\" alt=\"\" src=\"\/wp-content\/uploads\/8-193_NSCOESN-Blazon-blason.png\" style=\"object-position:50% 10%\" data-object-fit=\"cover\" data-object-position=\"50% 10%\"\/><span aria-hidden=\"true\" class=\"wp-block-cover__background has-contrast-background-color has-background-dim-60 has-background-dim\"><\/span><div class=\"wp-block-cover__inner-container has-global-padding is-layout-constrained wp-block-cover-is-layout-constrained\">\n<h1 class=\"wp-block-heading has-text-align-left has-base-color has-text-color has-link-color has-xx-large-font-size wp-elements-c1187358f64ca028c33e6a2b5a50ec2c\"><strong>Oyez, oyez!<\/strong><\/h1>\n\n\n\n<h3 class=\"wp-block-heading has-base-color has-text-color has-link-color wp-elements-7ea27734368ed276322f1f09c64817c2\"><strong>Proclamation de concession d\u2019armoiries<\/strong><\/h3>\n<\/div><\/div>\n<\/div>\n\n\n\n<div class=\"wp-block-group has-global-padding is-layout-constrained wp-block-group-is-layout-constrained\">\n<p>Les c\u00e9r\u00e9monies de proclamation trouvent leur origine au Moyen \u00c2ge, lorsqu\u2019elles servaient \u00e0 rendre publiques les lois et d\u00e9crets, et \u00e0 officialiser les actes royaux.<\/p>\n\n\n\n<p>L\u2019octroi d\u2019armoiries constitue un honneur national au Canada. Ce qui a commenc\u00e9 sous l\u2019autorit\u00e9 de la Reine \u00c9lisabeth II \u00e0 la fin de 2021, le blason officiel du Centre a \u00e9t\u00e9 accord\u00e9 en 2023 par Sa Majest\u00e9 le Roi Charles III d\u2019Angleterre, par l\u2019entremise du <a href=\"https:\/\/www.gg.ca\/fr\/heraldique\/registre-public\/projet\/3504\">Gouverneur g\u00e9n\u00e9ral du Canada et du Chef h\u00e9raldique du Canada de l\u2019Autorit\u00e9 h\u00e9raldique canadienne du Gouverneur g\u00e9n\u00e9ral<\/a>, symbolisant l\u2019engagement du NSCOESN \u00e0 prot\u00e9ger la s\u00e9curit\u00e9 nationale du Canada.<\/p>\n\n\n\n<p>Au c\u0153ur du blason se trouve un \u00e9cusson arborant une pi\u00e8ce d\u2019\u00e9checs repr\u00e9sentant un chevalier blanc \u2014 symbole de la d\u00e9fense strat\u00e9gique \u2014 entour\u00e9e de branches d\u2019olivier qui refl\u00e8tent l\u2019attachement du Centre \u00e0 la paix, \u00e0 la coop\u00e9ration internationale et \u00e0 l\u2019\u00c9tat de droit. Une bande dor\u00e9e en haut \u00e9voque l\u2019excellence et l\u2019\u00ab\u202fombrelle\u202f\u00bb protectrice que le Centre offre aux int\u00e9r\u00eats essentiels du Canada.<\/p>\n\n\n\n<figure class=\"wp-block-gallery has-nested-images columns-6 wp-block-gallery-1 is-layout-flex wp-block-gallery-is-layout-flex\">\n<figure data-wp-context=\"{&quot;imageId&quot;:&quot;69fc5bf2d8227&quot;}\" data-wp-interactive=\"core\/image\" data-wp-key=\"69fc5bf2d8227\" class=\"wp-block-image size-full wp-lightbox-container\"><img decoding=\"async\" data-wp-class--hide=\"state.isContentHidden\" data-wp-class--show=\"state.isContentVisible\" data-wp-init=\"callbacks.setButtonStyles\" data-wp-on--click=\"actions.showLightbox\" data-wp-on--load=\"callbacks.setButtonStyles\" data-wp-on-window--resize=\"callbacks.setButtonStyles\" data-id=\"471\" src=\"\/wp-content\/uploads\/8-193_NSCOESN-Blazon-blason.png\" alt=\"\" class=\"wp-image-471\"\/><button\n\t\t\tclass=\"lightbox-trigger\"\n\t\t\ttype=\"button\"\n\t\t\taria-haspopup=\"dialog\"\n\t\t\taria-label=\"Agrandir\"\n\t\t\tdata-wp-init=\"callbacks.initTriggerButton\"\n\t\t\tdata-wp-on--click=\"actions.showLightbox\"\n\t\t\tdata-wp-style--right=\"state.imageButtonRight\"\n\t\t\tdata-wp-style--top=\"state.imageButtonTop\"\n\t\t>\n\t\t\t<svg xmlns=\"http:\/\/www.w3.org\/2000\/svg\" width=\"12\" height=\"12\" fill=\"none\" viewbox=\"0 0 12 12\">\n\t\t\t\t<path fill=\"#fff\" d=\"M2 0a2 2 0 0 0-2 2v2h1.5V2a.5.5 0 0 1 .5-.5h2V0H2Zm2 10.5H2a.5.5 0 0 1-.5-.5V8H0v2a2 2 0 0 0 2 2h2v-1.5ZM8 12v-1.5h2a.5.5 0 0 0 .5-.5V8H12v2a2 2 0 0 1-2 2H8Zm2-12a2 2 0 0 1 2 2v2h-1.5V2a.5.5 0 0 0-.5-.5H8V0h2Z\" \/>\n\t\t\t<\/svg>\n\t\t<\/button><\/figure>\n\n\n\n<figure data-wp-context=\"{&quot;imageId&quot;:&quot;69fc5bf2da9ac&quot;}\" data-wp-interactive=\"core\/image\" data-wp-key=\"69fc5bf2da9ac\" class=\"wp-block-image size-full wp-lightbox-container\"><img decoding=\"async\" data-wp-class--hide=\"state.isContentHidden\" data-wp-class--show=\"state.isContentVisible\" data-wp-init=\"callbacks.setButtonStyles\" data-wp-on--click=\"actions.showLightbox\" data-wp-on--load=\"callbacks.setButtonStyles\" data-wp-on-window--resize=\"callbacks.setButtonStyles\" data-id=\"128\" src=\"\/wp-content\/uploads\/8-193_NSCOESN-Shield-ecu.png\" alt=\"\" class=\"wp-image-128\"\/><button\n\t\t\tclass=\"lightbox-trigger\"\n\t\t\ttype=\"button\"\n\t\t\taria-haspopup=\"dialog\"\n\t\t\taria-label=\"Agrandir\"\n\t\t\tdata-wp-init=\"callbacks.initTriggerButton\"\n\t\t\tdata-wp-on--click=\"actions.showLightbox\"\n\t\t\tdata-wp-style--right=\"state.imageButtonRight\"\n\t\t\tdata-wp-style--top=\"state.imageButtonTop\"\n\t\t>\n\t\t\t<svg xmlns=\"http:\/\/www.w3.org\/2000\/svg\" width=\"12\" height=\"12\" fill=\"none\" viewbox=\"0 0 12 12\">\n\t\t\t\t<path fill=\"#fff\" d=\"M2 0a2 2 0 0 0-2 2v2h1.5V2a.5.5 0 0 1 .5-.5h2V0H2Zm2 10.5H2a.5.5 0 0 1-.5-.5V8H0v2a2 2 0 0 0 2 2h2v-1.5ZM8 12v-1.5h2a.5.5 0 0 0 .5-.5V8H12v2a2 2 0 0 1-2 2H8Zm2-12a2 2 0 0 1 2 2v2h-1.5V2a.5.5 0 0 0-.5-.5H8V0h2Z\" \/>\n\t\t\t<\/svg>\n\t\t<\/button><\/figure>\n\n\n\n<figure data-wp-context=\"{&quot;imageId&quot;:&quot;69fc5bf2df911&quot;}\" data-wp-interactive=\"core\/image\" data-wp-key=\"69fc5bf2df911\" class=\"wp-block-image size-full wp-lightbox-container\"><img loading=\"lazy\" decoding=\"async\" width=\"2515\" height=\"2340\" data-wp-class--hide=\"state.isContentHidden\" data-wp-class--show=\"state.isContentVisible\" data-wp-init=\"callbacks.setButtonStyles\" data-wp-on--click=\"actions.showLightbox\" data-wp-on--load=\"callbacks.setButtonStyles\" data-wp-on-window--resize=\"callbacks.setButtonStyles\" data-id=\"458\" src=\"\/wp-content\/uploads\/8-193_NSCOESN-Badge-insigne.png\" alt=\"\" class=\"wp-image-458\" srcset=\"\/wp-content\/uploads\/8-193_NSCOESN-Badge-insigne.png 2515w, \/wp-content\/uploads\/8-193_NSCOESN-Badge-insigne-300x279.png 300w, \/wp-content\/uploads\/8-193_NSCOESN-Badge-insigne-1024x953.png 1024w, \/wp-content\/uploads\/8-193_NSCOESN-Badge-insigne-768x715.png 768w, \/wp-content\/uploads\/8-193_NSCOESN-Badge-insigne-1536x1429.png 1536w, \/wp-content\/uploads\/8-193_NSCOESN-Badge-insigne-2048x1905.png 2048w\" sizes=\"auto, (max-width: 2515px) 100vw, 2515px\" \/><button\n\t\t\tclass=\"lightbox-trigger\"\n\t\t\ttype=\"button\"\n\t\t\taria-haspopup=\"dialog\"\n\t\t\taria-label=\"Agrandir\"\n\t\t\tdata-wp-init=\"callbacks.initTriggerButton\"\n\t\t\tdata-wp-on--click=\"actions.showLightbox\"\n\t\t\tdata-wp-style--right=\"state.imageButtonRight\"\n\t\t\tdata-wp-style--top=\"state.imageButtonTop\"\n\t\t>\n\t\t\t<svg xmlns=\"http:\/\/www.w3.org\/2000\/svg\" width=\"12\" height=\"12\" fill=\"none\" viewbox=\"0 0 12 12\">\n\t\t\t\t<path fill=\"#fff\" d=\"M2 0a2 2 0 0 0-2 2v2h1.5V2a.5.5 0 0 1 .5-.5h2V0H2Zm2 10.5H2a.5.5 0 0 1-.5-.5V8H0v2a2 2 0 0 0 2 2h2v-1.5ZM8 12v-1.5h2a.5.5 0 0 0 .5-.5V8H12v2a2 2 0 0 1-2 2H8Zm2-12a2 2 0 0 1 2 2v2h-1.5V2a.5.5 0 0 0-.5-.5H8V0h2Z\" \/>\n\t\t\t<\/svg>\n\t\t<\/button><\/figure>\n\n\n\n<figure data-wp-context=\"{&quot;imageId&quot;:&quot;69fc5bf2e62e9&quot;}\" data-wp-interactive=\"core\/image\" data-wp-key=\"69fc5bf2e62e9\" class=\"wp-block-image size-full wp-lightbox-container\"><img loading=\"lazy\" decoding=\"async\" width=\"1500\" height=\"1000\" data-wp-class--hide=\"state.isContentHidden\" data-wp-class--show=\"state.isContentVisible\" data-wp-init=\"callbacks.setButtonStyles\" data-wp-on--click=\"actions.showLightbox\" data-wp-on--load=\"callbacks.setButtonStyles\" data-wp-on-window--resize=\"callbacks.setButtonStyles\" data-id=\"467\" src=\"\/wp-content\/uploads\/8-193_NSCOESN-Crest-cimier.png\" alt=\"\" class=\"wp-image-467\" srcset=\"\/wp-content\/uploads\/8-193_NSCOESN-Crest-cimier.png 1500w, \/wp-content\/uploads\/8-193_NSCOESN-Crest-cimier-18x12.png 18w\" sizes=\"auto, (max-width: 1500px) 100vw, 1500px\" \/><button\n\t\t\tclass=\"lightbox-trigger\"\n\t\t\ttype=\"button\"\n\t\t\taria-haspopup=\"dialog\"\n\t\t\taria-label=\"Agrandir\"\n\t\t\tdata-wp-init=\"callbacks.initTriggerButton\"\n\t\t\tdata-wp-on--click=\"actions.showLightbox\"\n\t\t\tdata-wp-style--right=\"state.imageButtonRight\"\n\t\t\tdata-wp-style--top=\"state.imageButtonTop\"\n\t\t>\n\t\t\t<svg xmlns=\"http:\/\/www.w3.org\/2000\/svg\" width=\"12\" height=\"12\" fill=\"none\" viewbox=\"0 0 12 12\">\n\t\t\t\t<path fill=\"#fff\" d=\"M2 0a2 2 0 0 0-2 2v2h1.5V2a.5.5 0 0 1 .5-.5h2V0H2Zm2 10.5H2a.5.5 0 0 1-.5-.5V8H0v2a2 2 0 0 0 2 2h2v-1.5ZM8 12v-1.5h2a.5.5 0 0 0 .5-.5V8H12v2a2 2 0 0 1-2 2H8Zm2-12a2 2 0 0 1 2 2v2h-1.5V2a.5.5 0 0 0-.5-.5H8V0h2Z\" \/>\n\t\t\t<\/svg>\n\t\t<\/button><\/figure>\n\n\n\n<figure data-wp-context=\"{&quot;imageId&quot;:&quot;69fc5bf2e6d5d&quot;}\" data-wp-interactive=\"core\/image\" data-wp-key=\"69fc5bf2e6d5d\" class=\"wp-block-image size-full wp-lightbox-container\"><img loading=\"lazy\" decoding=\"async\" width=\"1500\" height=\"2000\" data-wp-class--hide=\"state.isContentHidden\" data-wp-class--show=\"state.isContentVisible\" data-wp-init=\"callbacks.setButtonStyles\" data-wp-on--click=\"actions.showLightbox\" data-wp-on--load=\"callbacks.setButtonStyles\" data-wp-on-window--resize=\"callbacks.setButtonStyles\" data-id=\"957\" src=\"\/wp-content\/uploads\/8-193_NSCOESN-Shield-ecu-knight-reef.png\" alt=\"\" class=\"wp-image-957\" srcset=\"\/wp-content\/uploads\/8-193_NSCOESN-Shield-ecu-knight-reef.png 1500w, \/wp-content\/uploads\/8-193_NSCOESN-Shield-ecu-knight-reef-1152x1536.png 1152w, \/wp-content\/uploads\/8-193_NSCOESN-Shield-ecu-knight-reef-9x12.png 9w\" sizes=\"auto, (max-width: 1500px) 100vw, 1500px\" \/><button\n\t\t\tclass=\"lightbox-trigger\"\n\t\t\ttype=\"button\"\n\t\t\taria-haspopup=\"dialog\"\n\t\t\taria-label=\"Agrandir\"\n\t\t\tdata-wp-init=\"callbacks.initTriggerButton\"\n\t\t\tdata-wp-on--click=\"actions.showLightbox\"\n\t\t\tdata-wp-style--right=\"state.imageButtonRight\"\n\t\t\tdata-wp-style--top=\"state.imageButtonTop\"\n\t\t>\n\t\t\t<svg xmlns=\"http:\/\/www.w3.org\/2000\/svg\" width=\"12\" height=\"12\" fill=\"none\" viewbox=\"0 0 12 12\">\n\t\t\t\t<path fill=\"#fff\" d=\"M2 0a2 2 0 0 0-2 2v2h1.5V2a.5.5 0 0 1 .5-.5h2V0H2Zm2 10.5H2a.5.5 0 0 1-.5-.5V8H0v2a2 2 0 0 0 2 2h2v-1.5ZM8 12v-1.5h2a.5.5 0 0 0 .5-.5V8H12v2a2 2 0 0 1-2 2H8Zm2-12a2 2 0 0 1 2 2v2h-1.5V2a.5.5 0 0 0-.5-.5H8V0h2Z\" \/>\n\t\t\t<\/svg>\n\t\t<\/button><\/figure>\n\n\n\n<figure data-wp-context=\"{&quot;imageId&quot;:&quot;69fc5bf2e908b&quot;}\" data-wp-interactive=\"core\/image\" data-wp-key=\"69fc5bf2e908b\" class=\"wp-block-image size-full wp-lightbox-container\"><img loading=\"lazy\" decoding=\"async\" width=\"1500\" height=\"1500\" data-wp-class--hide=\"state.isContentHidden\" data-wp-class--show=\"state.isContentVisible\" data-wp-init=\"callbacks.setButtonStyles\" data-wp-on--click=\"actions.showLightbox\" data-wp-on--load=\"callbacks.setButtonStyles\" data-wp-on-window--resize=\"callbacks.setButtonStyles\" data-id=\"937\" src=\"\/wp-content\/uploads\/8-193_NSCOESN_Badge-insigne-o.png\" alt=\"\" class=\"wp-image-937\" srcset=\"\/wp-content\/uploads\/8-193_NSCOESN_Badge-insigne-o.png 1500w, \/wp-content\/uploads\/8-193_NSCOESN_Badge-insigne-o-300x300.png 300w, \/wp-content\/uploads\/8-193_NSCOESN_Badge-insigne-o-1024x1024.png 1024w, \/wp-content\/uploads\/8-193_NSCOESN_Badge-insigne-o-150x150.png 150w, \/wp-content\/uploads\/8-193_NSCOESN_Badge-insigne-o-768x768.png 768w, \/wp-content\/uploads\/8-193_NSCOESN_Badge-insigne-o-12x12.png 12w\" sizes=\"auto, (max-width: 1500px) 100vw, 1500px\" \/><button\n\t\t\tclass=\"lightbox-trigger\"\n\t\t\ttype=\"button\"\n\t\t\taria-haspopup=\"dialog\"\n\t\t\taria-label=\"Agrandir\"\n\t\t\tdata-wp-init=\"callbacks.initTriggerButton\"\n\t\t\tdata-wp-on--click=\"actions.showLightbox\"\n\t\t\tdata-wp-style--right=\"state.imageButtonRight\"\n\t\t\tdata-wp-style--top=\"state.imageButtonTop\"\n\t\t>\n\t\t\t<svg xmlns=\"http:\/\/www.w3.org\/2000\/svg\" width=\"12\" height=\"12\" fill=\"none\" viewbox=\"0 0 12 12\">\n\t\t\t\t<path fill=\"#fff\" d=\"M2 0a2 2 0 0 0-2 2v2h1.5V2a.5.5 0 0 1 .5-.5h2V0H2Zm2 10.5H2a.5.5 0 0 1-.5-.5V8H0v2a2 2 0 0 0 2 2h2v-1.5ZM8 12v-1.5h2a.5.5 0 0 0 .5-.5V8H12v2a2 2 0 0 1-2 2H8Zm2-12a2 2 0 0 1 2 2v2h-1.5V2a.5.5 0 0 0-.5-.5H8V0h2Z\" \/>\n\t\t\t<\/svg>\n\t\t<\/button><\/figure>\n<\/figure>\n\n\n\n<p>Au-dessus de l\u2019\u00e9cusson tr\u00f4ne un pangolin, choisi pour son armure naturelle distinctive et sa capacit\u00e9 \u00e0 se d\u00e9fendre et \u00e0 contrer les menaces \u2014 refl\u00e9tant la double mission du Centre : protection et intervention proactive. Les supports, un licorne et un cheval de guerre, incarnent la r\u00e9silience et la pr\u00e9paration, pos\u00e9s sur un socle rocheux d\u00e9cor\u00e9 de branches d\u2019olivier symbolisant le droit international.<\/p>\n\n\n\n<p>La devise attribu\u00e9e <em>Hoce Tutabimur<\/em>\u2014 \u00ab\u202fCela, nous le prot\u00e9gerons\u202f\u00bb \u2014 r\u00e9sume la mission fondamentale du Centre\u202f: contribuer \u00e0 la d\u00e9fense du Canada et renforcer les institutions qui participent \u00e0 la r\u00e9silience nationale.<\/p>\n\n\n\n<p>Les descriptions fournies par l\u2019Autorit\u00e9 h\u00e9raldique canadienne du Gouverneur g\u00e9n\u00e9ral sont reproduites ici et <a href=\"https:\/\/www.gg.ca\/fr\/heraldique\/registre-public\/projet\/3504\">demeurent archiv\u00e9es \u00ab\u202fpour toujours\u202f\u00bb aupr\u00e8s du bureau du Gouverneur g\u00e9n\u00e9ral, consultables sur leur site officiel<\/a>.<\/p>\n\n\n\n<div class=\"wp-block-media-text is-image-fill-element\" style=\"grid-template-columns:25% auto\"><figure class=\"wp-block-media-text__media\"><a href=\"https:\/\/www.gg.ca\/fr\/heraldique\/registre-public\/projet\/3504\"><img decoding=\"async\" src=\"\/wp-content\/uploads\/8-193_NSCOESN-Blazon-blason.png\" alt=\"\" class=\"wp-image-471 size-large\" style=\"object-position:50% 50%\"\/><\/a><\/figure><div class=\"wp-block-media-text__content\">\n<h4 class=\"wp-block-heading\"><strong><em>Blason<\/em><\/strong><\/h4>\n\n\n\n<p class=\"has-medium-font-size\"><em>De gueules au cavalier d\u2019\u00e9checs d\u2019argent collet\u00e9 de rameaux d\u2019olivier de sinople, au chef vo\u00fbt\u00e9 d\u2019or frett\u00e9 de gueules;<\/em><\/p>\n\n\n\n<h4 class=\"wp-block-heading\"><strong><em>Symbolisme<\/em><\/strong><\/h4>\n\n\n\n<p class=\"has-medium-font-size\"><em>Le rouge et le blanc sont les couleurs du Canada, que le centre a pour mission de prot\u00e9ger contre les menaces \u00e0 la s\u00e9curit\u00e9; l\u2019or symbolise l\u2019excellence. Le chef incurv\u00e9 \u00e9voque un parapluie, illustrant ainsi la mani\u00e8re dont les activit\u00e9s du centre prot\u00e8gent le pays. Les bandes rouges formant un filet incarnent les solutions technologiques mises en place pour la protection contre les cyberattaques. Le cavalier du jeu d\u2019\u00e9checs, qui peut attaquer de mani\u00e8res inattendues sur un \u00e9chiquier, \u00e9voque la dimension strat\u00e9gique des conseils que le centre prodigue aux organisations et aux minist\u00e8res canadiens. Le rameau d\u2019olivier symbolise le droit international.<\/em><\/p>\n<\/div><\/div>\n\n\n\n<div class=\"wp-block-media-text has-media-on-the-right is-image-fill-element\" style=\"grid-template-columns:auto 25%\"><div class=\"wp-block-media-text__content\">\n<h4 class=\"wp-block-heading\"><strong><em>Blason<\/em><\/strong><\/h4>\n\n\n\n<p class=\"has-medium-font-size\"><em>Un pangolin d\u2019or couch\u00e9 soutenu d\u2019un monticule herbeux au naturel;<\/em><\/p>\n\n\n\n<h4 class=\"wp-block-heading\"><strong><em>Symbolisme<\/em><\/strong><\/h4>\n\n\n\n<p class=\"has-medium-font-size\"><em>Le pangolin est un animal qui r\u00e9unit des capacit\u00e9s d\u00e9fensives et offensives pour se prot\u00e9ger de ses ennemis, \u00e9tant donn\u00e9 sa couverture d\u2019\u00e9cailles en forme d\u2019armure compos\u00e9es de petites lamelles tranchantes. Il illustre la double mission du centre, qui consiste \u00e0 aider les entit\u00e9s canadiennes \u00e0 se doter de moyens de d\u00e9fense ad\u00e9quats contre les attaques ext\u00e9rieures, tout en leur permettant de contrer de mani\u00e8re proactive les menaces qui p\u00e8sent sur la s\u00e9curit\u00e9 nationale.<\/em><\/p>\n<\/div><figure class=\"wp-block-media-text__media\"><a href=\"https:\/\/www.gg.ca\/fr\/heraldique\/registre-public\/projet\/3504\"><img loading=\"lazy\" decoding=\"async\" width=\"1024\" height=\"1000\" src=\"\/wp-content\/uploads\/8-193_NSCOESN-Crest-cimier-1024x1000.png\" alt=\"\" class=\"wp-image-467 size-large\" style=\"object-position:70% 50%\"\/><\/a><\/figure><\/div>\n\n\n\n<div class=\"wp-block-media-text is-image-fill-element\" style=\"grid-template-columns:25% auto\"><figure class=\"wp-block-media-text__media\"><a href=\"https:\/\/www.gg.ca\/fr\/heraldique\/registre-public\/projet\/3504\"><img decoding=\"async\" src=\"\/wp-content\/uploads\/8-193_NSCOESN-Blazon-blason.png\" alt=\"\" class=\"wp-image-471 size-large\" style=\"object-position:5% 50%\"\/><\/a><\/figure><div class=\"wp-block-media-text__content\">\n<h4 class=\"wp-block-heading\"><strong><em>Blason<\/em><\/strong><\/h4>\n\n\n\n<p class=\"has-medium-font-size\"><em>\u00c0 dextre une licorne d\u2019argent arm\u00e9e et crin\u00e9e de sable, \u00e0 senestre un cheval Warlander gris pommel\u00e9 au naturel soutenus d\u2019un monticule rocheux du m\u00eame parsem\u00e9 de rameaux d\u2019olivier de sinople;<\/em><\/p>\n\n\n\n<h4 class=\"wp-block-heading\"><strong><em>Symbolisme<\/em><\/strong><\/h4>\n\n\n\n<p class=\"has-medium-font-size\"><em>La licorne est traditionnellement d\u00e9crite comme une cr\u00e9ature farouche et difficile \u00e0 attraper, et sa corne est r\u00e9put\u00e9e avoir des fonctions protectrices, du fait qu\u2019elle peut d\u00e9tecter et annuler les effets d\u2019un poison. Cette repr\u00e9sentation refl\u00e8te la vocation du centre \u00e0 d\u00e9fendre les int\u00e9r\u00eats canadiens et \u00e0 permettre aux organisations et aux entit\u00e9s canadiennes de d\u00e9jouer les menaces externes.<\/em><\/p>\n<\/div><\/div>\n\n\n\n<div class=\"wp-block-media-text has-media-on-the-right is-image-fill-element\" style=\"grid-template-columns:auto 25%\"><div class=\"wp-block-media-text__content\">\n<h4 class=\"wp-block-heading\"><strong><em>Blason<\/em><\/strong><\/h4>\n\n\n\n<p class=\"has-medium-font-size\"><em>\u00c0 dextre une licorne d\u2019argent arm\u00e9e et crin\u00e9e de sable, \u00e0 senestre un cheval Warlander gris pommel\u00e9 au naturel soutenus d\u2019un monticule rocheux du m\u00eame parsem\u00e9 de rameaux d\u2019olivier de sinople;<\/em><\/p>\n\n\n\n<h4 class=\"wp-block-heading\"><strong><em>Symbolisme<\/em><\/strong><\/h4>\n\n\n\n<p class=\"has-medium-font-size\"><em>Le Warlander est un cheval consid\u00e9r\u00e9 comme l\u2019un des plus proches descendants des destriers m\u00e9di\u00e9vaux utilis\u00e9s dans les guerres. Les deux supports expriment ainsi la double fonction du centre : d\u00e9fensive (la licorne) et offensive (le Warlander). Les rameaux d\u2019olivier reprennent le symbolisme des armoiries.<\/em><\/p>\n<\/div><figure class=\"wp-block-media-text__media\"><a href=\"https:\/\/www.gg.ca\/fr\/heraldique\/registre-public\/projet\/3504\"><img decoding=\"async\" src=\"\/wp-content\/uploads\/8-193_NSCOESN-Blazon-blason.png\" alt=\"\" class=\"wp-image-471 size-large\" style=\"object-position:95% 50%\"\/><\/a><\/figure><\/div>\n\n\n\n<figure class=\"wp-block-image size-large\"><a href=\"https:\/\/nscoesn.ca\/fr\/heraldry-heraldique\/8-193_nscoesn-full-complet-10pct\/\"><img loading=\"lazy\" decoding=\"async\" width=\"1024\" height=\"1024\" src=\"\/wp-content\/uploads\/8-193_NSCOESN-Full-complet-10pct-1024x1024.png\" alt=\"\" class=\"wp-image-938\" srcset=\"\/wp-content\/uploads\/8-193_NSCOESN-Full-complet-10pct-1024x1024.png 1024w, \/wp-content\/uploads\/8-193_NSCOESN-Full-complet-10pct-300x300.png 300w, \/wp-content\/uploads\/8-193_NSCOESN-Full-complet-10pct-150x150.png 150w, \/wp-content\/uploads\/8-193_NSCOESN-Full-complet-10pct-768x768.png 768w\" sizes=\"auto, (max-width: 1024px) 100vw, 1024px\" \/><\/a><\/figure>\n<\/div>","protected":false},"excerpt":{"rendered":"<p>Arms of the National Security Centre of Excellence: <\/p>","protected":false},"author":14,"featured_media":0,"parent":0,"menu_order":0,"comment_status":"closed","ping_status":"closed","template":"page-no-title","meta":{"_eb_attr":"","footnotes":""},"class_list":["post-832","page","type-page","status-publish","hentry"],"_links":{"self":[{"href":"https:\/\/nscoesn.ca\/fr\/wp-json\/wp\/v2\/pages\/832","targetHints":{"allow":["GET"]}}],"collection":[{"href":"https:\/\/nscoesn.ca\/fr\/wp-json\/wp\/v2\/pages"}],"about":[{"href":"https:\/\/nscoesn.ca\/fr\/wp-json\/wp\/v2\/types\/page"}],"author":[{"embeddable":true,"href":"https:\/\/nscoesn.ca\/fr\/wp-json\/wp\/v2\/users\/14"}],"replies":[{"embeddable":true,"href":"https:\/\/nscoesn.ca\/fr\/wp-json\/wp\/v2\/comments?post=832"}],"version-history":[{"count":17,"href":"https:\/\/nscoesn.ca\/fr\/wp-json\/wp\/v2\/pages\/832\/revisions"}],"predecessor-version":[{"id":1147,"href":"https:\/\/nscoesn.ca\/fr\/wp-json\/wp\/v2\/pages\/832\/revisions\/1147"}],"wp:attachment":[{"href":"https:\/\/nscoesn.ca\/fr\/wp-json\/wp\/v2\/media?parent=832"}],"curies":[{"name":"wp","href":"https:\/\/api.w.org\/{rel}","templated":true}]}}