{"id":830,"date":"2025-11-27T13:36:54","date_gmt":"2025-11-27T18:36:54","guid":{"rendered":"https:\/\/nscoesn-35e6c713fd-cxd2fma2bbh6g4df.z01.azurefd.net\/?page_id=830"},"modified":"2025-12-19T14:56:53","modified_gmt":"2025-12-19T19:56:53","slug":"membership-adhesion","status":"publish","type":"page","link":"https:\/\/nscoesn.ca\/fr\/membership-adhesion","title":{"rendered":"Membership-Adh\u00e9sion"},"content":{"rendered":"<div class=\"wp-block-group alignfull has-global-padding is-layout-constrained wp-block-group-is-layout-constrained\">\n<div class=\"wp-block-cover alignfull\"><img loading=\"lazy\" decoding=\"async\" width=\"1024\" height=\"953\" class=\"wp-block-cover__image-background wp-image-458 size-large\" alt=\"\" src=\"\/wp-content\/uploads\/8-193_NSCOESN-Badge-insigne-1024x953.png\" style=\"object-position:50% 34%\" data-object-fit=\"cover\" data-object-position=\"50% 34%\" srcset=\"\/wp-content\/uploads\/8-193_NSCOESN-Badge-insigne-1024x953.png 1024w, \/wp-content\/uploads\/8-193_NSCOESN-Badge-insigne-300x279.png 300w, \/wp-content\/uploads\/8-193_NSCOESN-Badge-insigne-768x715.png 768w, \/wp-content\/uploads\/8-193_NSCOESN-Badge-insigne-1536x1429.png 1536w, \/wp-content\/uploads\/8-193_NSCOESN-Badge-insigne-2048x1905.png 2048w\" sizes=\"auto, (max-width: 1024px) 100vw, 1024px\" \/><span aria-hidden=\"true\" class=\"wp-block-cover__background has-contrast-background-color has-background-dim\"><\/span><div class=\"wp-block-cover__inner-container has-global-padding is-layout-constrained wp-block-cover-is-layout-constrained\">\n<h1 class=\"wp-block-heading has-text-align-left has-xx-large-font-size\"><strong>Valeur de l'adh\u00e9sion<\/strong><\/h1>\n\n\n\n<h3 class=\"wp-block-heading\"><strong>Renforcez votre organisation. Renforcez le Canada.<\/strong><\/h3>\n\n\n\n<div class=\"wp-block-buttons is-layout-flex wp-block-buttons-is-layout-flex\">\n<div class=\"wp-block-button has-custom-width wp-block-button__width-50 is-style-fill\"><a class=\"wp-block-button__link wp-element-button\" href=\"https:\/\/www.zeffy.com\/fr-CA\/ticketing\/nscoesn-canadas-memberships\" style=\"border-radius:10px;font-style:normal;font-weight:700\">Devenez membre<\/a><\/div>\n\n\n\n<div class=\"wp-block-button has-custom-width wp-block-button__width-50 is-style-fill\"><a class=\"wp-block-button__link wp-element-button\" href=\"#idvalidation\" style=\"border-radius:10px;font-style:normal;font-weight:700\">V\u00e9rifier l\u2019adh\u00e9sion<\/a><\/div>\n<\/div>\n<\/div><\/div>\n<\/div>\n\n\n\n<div class=\"wp-block-group has-global-padding is-layout-constrained wp-block-group-is-layout-constrained\">\n<p>Rejoignez un r\u00e9seau de confiance de professionnels en s\u00e9curit\u00e9 nationale, acc\u00e9dez \u00e0 une expertise sp\u00e9cialis\u00e9e et contribuez \u00e0 l\u2019avenir s\u00e9curitaire du Canada.<\/p>\n\n\n\n<p>La protection de la souverainet\u00e9 et des int\u00e9r\u00eats du Canada repose sur des organisations inform\u00e9es, capables et connect\u00e9es. En tant qu\u2019organisation non gouvernementale (ONG) et organisme \u00e0 but non lucratif (OBNL), le Centre d\u2019excellence pour la s\u00e9curit\u00e9 nationale favorise la sensibilisation, renforce les capacit\u00e9s organisationnelles et encourage la collaboration avec les partenaires gouvernementaux, des experts internationaux et ses membres.<\/p>\n\n\n\n<h2 class=\"wp-block-heading\">Adh\u00e9sion<\/h2>\n\n\n\n<p>L\u2019adh\u00e9sion au Centre ouvre l\u2019acc\u00e8s \u00e0 un dialogue \u00e9clair\u00e9, \u00e0 une expertise sp\u00e9cialis\u00e9e et \u00e0 des collaborations strat\u00e9giques sur les enjeux touchant la s\u00e9curit\u00e9 et la souverainet\u00e9 du pays. En rejoignant le r\u00e9seau, votre organisation int\u00e8gre un groupe de confiance engag\u00e9 dans le renforcement de la pr\u00e9paration collective et la protection des services essentiels.<br><a href=\"https:\/\/nscoesn.ca\/fr\/membership-adhesion\/?utm_source=chatgpt.com\" target=\"_blank\" rel=\"noreferrer noopener\"><\/a><\/p>\n\n\n\n<p>Les membres peuvent partager leurs points de vue, acc\u00e9der \u00e0 des publications r\u00e9serv\u00e9es, participer \u00e0 des discussions cibl\u00e9es et poser des questions directement aux dirigeants, boursiers et chercheurs du Centre. L\u2019adh\u00e9sion permet aux organisations de mieux comprendre les risques, d\u2019am\u00e9liorer leur vigilance strat\u00e9gique et de contribuer activement \u00e0 l\u2019expertise nationale en mati\u00e8re de s\u00e9curit\u00e9. Reconnu par le gouvernement du Canada, le statut de membre soutient votre r\u00f4le dans l\u2019\u00e9volution et la s\u00e9curisation du paysage s\u00e9curitaire canadien.<\/p>\n\n\n\n<p>En rejoignant le Centre, vous renforcez votre organisation tout en participant \u00e0 la s\u00e9curit\u00e9 collective du Canada. Ensemble, nous d\u00e9veloppons la connaissance, la lucidit\u00e9 et la r\u00e9silience n\u00e9cessaires pour prot\u00e9ger ce qui compte le plus.<\/p>\n\n\n\n<p><a href=\"https:\/\/www.zeffy.com\/fr-CA\/ticketing\/nscoesn-canadas-memberships\">Devenez membre d\u00e8s aujourd'hui.<\/a><\/p>\n<\/div>\n\n\n\n<div class=\"wp-block-group has-global-padding is-layout-constrained wp-block-group-is-layout-constrained\">\n<h2 class=\"wp-block-heading\" id=\"idvalidation\">V\u00e9rifier l\u2019adh\u00e9sion<\/h2>\n\n\n\n<p>Utilisez l\u2019outil ci-dessous pour v\u00e9rifier un num\u00e9ro d\u2019adh\u00e9sion individuel ou organisationnel. Cette recherche vous permet de confirmer si une personne ou un organisme est actuellement membre. Si l\u2019adh\u00e9sion est valide, le syst\u00e8me affichera un certificat membre unique que vous pourrez t\u00e9l\u00e9charger comme preuve officielle d\u2019adh\u00e9sion.<\/p>\n\n\n        <form id=\"nscoesnvm-validation-form\" class=\"wp-block-search wp-block-search--button-button-inside\" role=\"search\" method=\"get\" action=\"\">\r\n            <label for=\"nscoesnvm-membership-id\" class=\"wp-block-search__label screen-reader-text\">Member validation<\/label>\r\n                    <div class=\"wp-block-search__inside-wrapper\" style=\"display: flex;\">\r\n                <input type=\"text\" id=\"nscoesnvm-membership-id\" name=\"membership_id\" class=\"wp-block-search__input\" placeholder=\"M######-##\" maxlength=\"10\" pattern=\"M\\d{6}-\\d{2}\" required title=\"Format: M123456-78\" style=\"flex: 1; border-style: solid; border-width: 1px; border-color: var(--wp--preset--color--accent-6); padding: 10px 10px 10px 10px; font-size: var(--wp--preset--font-size--medium); line-height: 1.6; border-radius: 10px;\">\r\n                                    <button type=\"button\" id=\"nscoesnvm-search-button\" class=\"nscoesnvm-search-button\" style=\"border-radius: 10px; padding: 16px 36px 16px 36px; flex-shrink: 0;; margin-left: 1.125rem; border-radius: 10px;\">\r\n                                                                    <span>\u202fRechercher\u202f<\/span>\r\n                                                                    <\/button>\r\n                                <input type=\"hidden\" name=\"post_type\" value=\"post\">\r\n            <\/div>\r\n                <input type=\"hidden\" name=\"trp-form-language\" value=\"fr\"\/><\/form>\r\n        <div id=\"nscoesnvm-result\"><\/div>\r\n    <\/div>","protected":false},"excerpt":{"rendered":"<p>Join a trusted network of national security professionals, access expert insights, and help shape Canada\u2019s security future. Protecting Canada\u2019s sovereignty and national interests begins with organizations that are well informed, capable, and connected. As a not\u2011for\u2011profit (NFP) non\u2011governmental organisation (NGO), the NSCOESN promotes awareness, builds organizational capabilities, and encourages strategic collaboration with government partners, international [&hellip;]<\/p>\n","protected":false},"author":14,"featured_media":0,"parent":0,"menu_order":0,"comment_status":"closed","ping_status":"closed","template":"page-no-title","meta":{"_eb_attr":"","footnotes":""},"class_list":["post-830","page","type-page","status-publish","hentry"],"_links":{"self":[{"href":"https:\/\/nscoesn.ca\/fr\/wp-json\/wp\/v2\/pages\/830","targetHints":{"allow":["GET"]}}],"collection":[{"href":"https:\/\/nscoesn.ca\/fr\/wp-json\/wp\/v2\/pages"}],"about":[{"href":"https:\/\/nscoesn.ca\/fr\/wp-json\/wp\/v2\/types\/page"}],"author":[{"embeddable":true,"href":"https:\/\/nscoesn.ca\/fr\/wp-json\/wp\/v2\/users\/14"}],"replies":[{"embeddable":true,"href":"https:\/\/nscoesn.ca\/fr\/wp-json\/wp\/v2\/comments?post=830"}],"version-history":[{"count":15,"href":"https:\/\/nscoesn.ca\/fr\/wp-json\/wp\/v2\/pages\/830\/revisions"}],"predecessor-version":[{"id":1144,"href":"https:\/\/nscoesn.ca\/fr\/wp-json\/wp\/v2\/pages\/830\/revisions\/1144"}],"wp:attachment":[{"href":"https:\/\/nscoesn.ca\/fr\/wp-json\/wp\/v2\/media?parent=830"}],"curies":[{"name":"wp","href":"https:\/\/api.w.org\/{rel}","templated":true}]}}