{"id":613,"date":"2025-11-10T21:43:52","date_gmt":"2025-11-11T02:43:52","guid":{"rendered":"https:\/\/nscoesn-35e6c713fd-cxd2fma2bbh6g4df.z01.azurefd.net\/?page_id=613"},"modified":"2025-12-13T10:15:09","modified_gmt":"2025-12-13T15:15:09","slug":"home-accueil","status":"publish","type":"page","link":"https:\/\/nscoesn.ca\/fr\/home-accueil","title":{"rendered":"Home-Accueil"},"content":{"rendered":"<div class=\"wp-block-group alignfull has-global-padding is-layout-constrained wp-block-group-is-layout-constrained\">\n<div class=\"wp-block-cover alignfull has-large-font-size\" style=\"min-height:409px;aspect-ratio:unset;\"><img loading=\"lazy\" decoding=\"async\" width=\"1920\" height=\"1080\" class=\"wp-block-cover__image-background wp-image-636 size-full\" alt=\"\" src=\"\/wp-content\/uploads\/8-193_NSCOESN-Blazon-blason-1920x1080-1.png\" style=\"object-position:50% 100%\" data-object-fit=\"cover\" data-object-position=\"50% 100%\" srcset=\"\/wp-content\/uploads\/8-193_NSCOESN-Blazon-blason-1920x1080-1.png 1920w, \/wp-content\/uploads\/8-193_NSCOESN-Blazon-blason-1920x1080-1-1536x864.png 1536w\" sizes=\"auto, (max-width: 1920px) 100vw, 1920px\" \/><span aria-hidden=\"true\" class=\"wp-block-cover__background has-contrast-background-color has-background-dim\"><\/span><div class=\"wp-block-cover__inner-container has-global-padding is-layout-constrained wp-block-cover-is-layout-constrained\">\n<h1 class=\"wp-block-heading has-text-align-left is-style-text-display has-base-color has-text-color has-link-color has-xx-large-font-size wp-elements-0ad0425b83c59afb32d5bf6280745389 is-style-text-display--1\"><strong>Centre d'excellence pour la s\u00e9curit\u00e9 nationale (Canada)<\/strong><\/h1>\n\n\n\n<h3 class=\"wp-block-heading\"><strong>Renforcer la s\u00e9curit\u00e9 gr\u00e2ce \u00e0 la collaboration et \u00e0 la recherche pour un Canada plus s\u00fbr.<\/strong><\/h3>\n\n\n\n<div class=\"wp-block-columns is-layout-flex wp-container-core-columns-is-layout-28f84493 wp-block-columns-is-layout-flex\">\n<div class=\"wp-block-column is-layout-flow wp-block-column-is-layout-flow\">\n<div class=\"wp-block-buttons is-content-justification-center is-nowrap is-layout-flex wp-container-core-buttons-is-layout-12a27398 wp-block-buttons-is-layout-flex\">\n<div class=\"wp-block-button has-custom-width wp-block-button__width-100 is-style-fill\"><a class=\"wp-block-button__link has-text-align-center wp-element-button\" href=\"https:\/\/www.zeffy.com\/fr-CA\/ticketing\/nscoesn-canadas-memberships\" style=\"border-radius:10px;font-style:normal;font-weight:700\">Devenez membre<\/a><\/div>\n<\/div>\n<\/div>\n\n\n\n<div class=\"wp-block-column is-layout-flow wp-block-column-is-layout-flow\">\n<div class=\"wp-block-buttons is-content-justification-center is-nowrap is-layout-flex wp-container-core-buttons-is-layout-12a27398 wp-block-buttons-is-layout-flex\">\n<div class=\"wp-block-button has-custom-width wp-block-button__width-100 is-style-fill\"><a class=\"wp-block-button__link has-text-align-center wp-element-button\" href=\"https:\/\/www.zeffy.com\/fr-CA\/ticketing\/maple-shield\" style=\"border-radius:10px;font-style:normal;font-weight:700\">Bouclier d'\u00c9rable<\/a><\/div>\n<\/div>\n<\/div>\n<\/div>\n<\/div><\/div>\n<\/div>\n\n\n\n<div class=\"wp-block-group alignwide is-style-default is-layout-grid wp-container-core-group-is-layout-86d6a81b wp-block-group-is-layout-grid\" style=\"border-style:none;border-width:0px\">\n<div class=\"wp-block-group has-background is-vertical is-content-justification-center is-layout-flex wp-container-core-group-is-layout-c113826b wp-block-group-is-layout-flex\" style=\"background:linear-gradient(180deg,rgb(244,244,244) 0%,rgb(233,233,233) 100%);padding-top:var(--wp--preset--spacing--30);padding-right:var(--wp--preset--spacing--40);padding-bottom:var(--wp--preset--spacing--30);padding-left:var(--wp--preset--spacing--40);box-shadow:var(--wp--preset--shadow--deep)\">\n<div class=\"wp-block-font-awesome-icon wp-font-awesome-icon\" style=\"display:flex;justify-content:center\"><svg aria-hidden=\"true\" focusable=\"false\" data-prefix=\"fas\" data-icon=\"shield-halved\" class=\"svg-inline--fa fa-shield-halved fa-beat\" role=\"img\" xmlns=\"http:\/\/www.w3.org\/2000\/svg\" viewbox=\"0 0 512 512\" style=\"font-size:2.5em\" color=\"#59aaf2\"><path fill=\"currentColor\" d=\"M256 0c4.6 0 9.2 1 13.4 2.9L457.8 82.8c22 9.3 38.4 31 38.3 57.2-.5 99.2-41.3 280.7-213.6 363.2-16.7 8-36.1 8-52.8 0-172.4-82.5-213.1-264-213.6-363.2-.1-26.2 16.3-47.9 38.3-57.2L242.7 2.9C246.9 1 251.4 0 256 0zm0 66.8l0 378.1c138-66.8 175.1-214.8 176-303.4l-176-74.6 0 0z\"><\/path><\/svg><\/div>\n\n\n\n<h3 class=\"wp-block-heading has-text-align-center\" style=\"font-style:normal;font-weight:700\"><a href=\"https:\/\/nscoesn.ca\/fr\/conference\/\" data-type=\"page\" data-id=\"828\">Bouclier d'\u00c9rable<\/a><\/h3>\n\n\n\n<p class=\"has-text-align-center has-medium-font-size\">Rejoignez-nous lors de notre conf\u00e9rence phare sur la d\u00e9fense, la s\u00e9curit\u00e9, la technologie, la finance, le droit, les politiques et la politique les 2 et 3 mars 2026.<\/p>\n<\/div>\n\n\n\n<div class=\"wp-block-group has-background is-vertical is-content-justification-center is-layout-flex wp-container-core-group-is-layout-c113826b wp-block-group-is-layout-flex\" style=\"background:linear-gradient(180deg,rgb(244,244,244) 0%,rgb(233,233,233) 100%);padding-top:var(--wp--preset--spacing--30);padding-right:var(--wp--preset--spacing--40);padding-bottom:var(--wp--preset--spacing--30);padding-left:var(--wp--preset--spacing--40);box-shadow:var(--wp--preset--shadow--deep)\">\n<div class=\"wp-block-font-awesome-icon wp-font-awesome-icon\" style=\"display:flex;justify-content:center\"><svg aria-hidden=\"true\" focusable=\"false\" data-prefix=\"fas\" data-icon=\"id-card\" class=\"svg-inline--fa fa-id-card\" role=\"img\" xmlns=\"http:\/\/www.w3.org\/2000\/svg\" viewbox=\"0 0 576 512\" style=\"font-size:2.5em\" color=\"#59aaf2\"><path fill=\"currentColor\" d=\"M0 96C0 60.7 28.7 32 64 32l448 0c35.3 0 64 28.7 64 64L0 96zm0 48l576 0 0 272c0 35.3-28.7 64-64 64L64 480c-35.3 0-64-28.7-64-64L0 144zM247.3 416c20.2 0 35.3-19.4 22.4-35-14.7-17.7-36.9-29-61.7-29l-64 0c-24.8 0-47 11.3-61.7 29-12.9 15.6 2.2 35 22.4 35l142.5 0zM176 312a56 56 0 1 0 0-112 56 56 0 1 0 0 112zM360 208c-13.3 0-24 10.7-24 24s10.7 24 24 24l112 0c13.3 0 24-10.7 24-24s-10.7-24-24-24l-112 0zm0 96c-13.3 0-24 10.7-24 24s10.7 24 24 24l112 0c13.3 0 24-10.7 24-24s-10.7-24-24-24l-112 0z\"><\/path><\/svg><\/div>\n\n\n\n<h3 class=\"wp-block-heading\" style=\"font-style:normal;font-weight:700\"><a href=\"https:\/\/nscoesn.ca\/fr\/membership-adhesion\/\" data-type=\"page\" data-id=\"830\">Adh\u00e9sion<\/a><\/h3>\n\n\n\n<p class=\"has-text-align-center has-medium-font-size\">Votre adh\u00e9sion vous profite, tout ainsi que les entit\u00e9s Canadiennes. Aidez-nous \u00e0 soutenir notre mission. Ensemble, nous pouvons prot\u00e9ger la souverainet\u00e9 du Canada et renforcer la s\u00e9curit\u00e9 nationale.<\/p>\n<\/div>\n\n\n\n<div class=\"wp-block-group has-background is-vertical is-content-justification-center is-layout-flex wp-container-core-group-is-layout-c113826b wp-block-group-is-layout-flex\" style=\"background:linear-gradient(180deg,rgb(244,244,244) 0%,rgb(233,233,233) 100%);padding-top:var(--wp--preset--spacing--30);padding-right:var(--wp--preset--spacing--40);padding-bottom:var(--wp--preset--spacing--30);padding-left:var(--wp--preset--spacing--40);box-shadow:var(--wp--preset--shadow--deep)\">\n<div class=\"wp-block-font-awesome-icon wp-font-awesome-icon\" style=\"display:flex;justify-content:center\"><svg aria-hidden=\"true\" focusable=\"false\" data-prefix=\"fas\" data-icon=\"chess-king\" class=\"svg-inline--fa fa-chess-king\" role=\"img\" xmlns=\"http:\/\/www.w3.org\/2000\/svg\" viewbox=\"0 0 448 512\" style=\"font-size:2.5em\" color=\"#59aaf2\"><path fill=\"currentColor\" d=\"M224-32c17.7 0 32 14.3 32 32l0 32 32 0c17.7 0 32 14.3 32 32s-14.3 32-32 32l-32 0 0 64 153.8 0c21.1 0 38.2 17.1 38.2 38.2 0 6.4-1.6 12.7-4.7 18.3L352 384 408.2 454.3c5 6.3 7.8 14.1 7.8 22.2 0 19.6-15.9 35.5-35.5 35.5L67.5 512c-19.6 0-35.5-15.9-35.5-35.5 0-8.1 2.7-15.9 7.8-22.2L96 384 4.7 216.6C1.6 210.9 0 204.6 0 198.2 0 177.1 17.1 160 38.2 160l153.8 0 0-64-32 0c-17.7 0-32-14.3-32-32s14.3-32 32-32l32 0 0-32c0-17.7 14.3-32 32-32z\"><\/path><\/svg><\/div>\n\n\n\n<h3 class=\"wp-block-heading has-text-align-center\" style=\"font-style:normal;font-weight:700\"><a href=\"https:\/\/nscoesn.ca\/fr\/heraldry-heraldique\/\" data-type=\"page\" data-id=\"832\">H\u00e9raldique<\/a><\/h3>\n\n\n\n<p class=\"has-text-align-center has-medium-font-size\">Cr\u00e9\u00e9s et accord\u00e9s par le bureau du Gouverneur G\u00e9n\u00e9ral du Canada, lettres patentes, armoiries, cimier, supports, bouclier, insigne et devise.<\/p>\n<\/div>\n\n\n\n<div class=\"wp-block-group has-background is-vertical is-content-justification-center is-layout-flex wp-container-core-group-is-layout-c113826b wp-block-group-is-layout-flex\" style=\"background:linear-gradient(180deg,rgb(244,244,244) 0%,rgb(233,233,233) 100%);padding-top:var(--wp--preset--spacing--30);padding-right:var(--wp--preset--spacing--40);padding-bottom:var(--wp--preset--spacing--30);padding-left:var(--wp--preset--spacing--40);box-shadow:var(--wp--preset--shadow--deep)\">\n<div class=\"wp-block-font-awesome-icon wp-font-awesome-icon\" style=\"display:flex;justify-content:center\"><svg aria-hidden=\"true\" focusable=\"false\" data-prefix=\"fas\" data-icon=\"book\" class=\"svg-inline--fa fa-book\" role=\"img\" xmlns=\"http:\/\/www.w3.org\/2000\/svg\" viewbox=\"0 0 448 512\" style=\"font-size:2.5em\" color=\"#59aaf2\"><path fill=\"currentColor\" d=\"M384 512L96 512c-53 0-96-43-96-96L0 96C0 43 43 0 96 0L400 0c26.5 0 48 21.5 48 48l0 288c0 20.9-13.4 38.7-32 45.3l0 66.7c17.7 0 32 14.3 32 32s-14.3 32-32 32l-32 0zM96 384c-17.7 0-32 14.3-32 32s14.3 32 32 32l256 0 0-64-256 0zm32-232c0 13.3 10.7 24 24 24l176 0c13.3 0 24-10.7 24-24s-10.7-24-24-24l-176 0c-13.3 0-24 10.7-24 24zm24 72c-13.3 0-24 10.7-24 24s10.7 24 24 24l176 0c13.3 0 24-10.7 24-24s-10.7-24-24-24l-176 0z\"><\/path><\/svg><\/div>\n\n\n\n<h3 class=\"wp-block-heading has-text-align-center\" style=\"font-style:normal;font-weight:700\"><a href=\"https:\/\/nscoesn.ca\/fr\/articles\/\" data-type=\"page\" data-id=\"837\">Articles<\/a><\/h3>\n\n\n\n<p class=\"has-text-align-center has-medium-font-size\">Lisez nos articles disponibles au public concernant les enjeux, les menaces et les risques actuels et \u00e9mergents pour le Canada.<\/p>\n<\/div>\n<\/div>","protected":false},"excerpt":{"rendered":"<p>Maple Shield Join us at our flagship conference on defence, security, technology, finance, law, policy, and politics on 2-3 March 2026. Membership Your membership benefits you along with other Canadian entities, join us in supporting our mission, where we all support Canada&#8217;s sovereignty and national security. Heraldry Created and granted by Canada&#8217;s Governor General&#8217;s office [&hellip;]<\/p>\n","protected":false},"author":14,"featured_media":0,"parent":0,"menu_order":0,"comment_status":"closed","ping_status":"closed","template":"page-no-title","meta":{"_eb_attr":"","footnotes":""},"class_list":["post-613","page","type-page","status-publish","hentry"],"_links":{"self":[{"href":"https:\/\/nscoesn.ca\/fr\/wp-json\/wp\/v2\/pages\/613","targetHints":{"allow":["GET"]}}],"collection":[{"href":"https:\/\/nscoesn.ca\/fr\/wp-json\/wp\/v2\/pages"}],"about":[{"href":"https:\/\/nscoesn.ca\/fr\/wp-json\/wp\/v2\/types\/page"}],"author":[{"embeddable":true,"href":"https:\/\/nscoesn.ca\/fr\/wp-json\/wp\/v2\/users\/14"}],"replies":[{"embeddable":true,"href":"https:\/\/nscoesn.ca\/fr\/wp-json\/wp\/v2\/comments?post=613"}],"version-history":[{"count":145,"href":"https:\/\/nscoesn.ca\/fr\/wp-json\/wp\/v2\/pages\/613\/revisions"}],"predecessor-version":[{"id":1107,"href":"https:\/\/nscoesn.ca\/fr\/wp-json\/wp\/v2\/pages\/613\/revisions\/1107"}],"wp:attachment":[{"href":"https:\/\/nscoesn.ca\/fr\/wp-json\/wp\/v2\/media?parent=613"}],"curies":[{"name":"wp","href":"https:\/\/api.w.org\/{rel}","templated":true}]}}