{"id":3,"date":"2023-09-15T00:03:08","date_gmt":"2023-09-15T00:03:08","guid":{"rendered":"https:\/\/nscoesn-35e6c713fd-cxd2fma2bbh6g4df.z01.azurefd.net\/?page_id=3"},"modified":"2025-12-13T10:15:21","modified_gmt":"2025-12-13T15:15:21","slug":"notice-avis","status":"publish","type":"page","link":"https:\/\/nscoesn.ca\/fr\/notice-avis","title":{"rendered":"Avis"},"content":{"rendered":"<h2 class=\"wp-block-heading\"><strong>Offrir un contenu dans les deux langues officielles<\/strong><\/h2>\n\n\n\n<p>La&nbsp;<a href=\"http:\/\/laws-lois.justice.gc.ca\/fra\/lois\/O-3.01\/\" target=\"_blank\" rel=\"noreferrer noopener\"><em>Loi sur les langues officielles<\/em><\/a>, le&nbsp;<a href=\"http:\/\/laws-lois.justice.gc.ca\/fra\/reglements\/DORS-92-48\/index.html\" target=\"_blank\" rel=\"noreferrer noopener\"><em>R\u00e8glement sur les langues officielles \u2013 communications avec le public et prestation des services<\/em><\/a> pr\u00e9voient les circonstances o\u00f9 nous employons le fran\u00e7ais et l\u2019anglais dans la prestation des services. S\u2019il n\u2019y a pas d\u2019obligation d\u2019offrir le contenu dans les deux langues officielles, celui-ci pourrait \u00eatre offert uniquement dans une des langues officielles. L\u2019information offerte par des entit\u00e9s non assujetties \u00e0 la&nbsp;<a href=\"http:\/\/laws-lois.justice.gc.ca\/fra\/lois\/O-3.01\/\" target=\"_blank\" rel=\"noreferrer noopener\"><em>Loi sur les langues officielles<\/em><\/a>&nbsp;est diffus\u00e9e que dans la langue dans laquelle fournie. Toute information dans une langue autre que l\u2019anglais ou le fran\u00e7ais n\u2019est offerte qu\u2019\u00e0 titre gracieux aux visiteurs de notre site Web.<\/p>\n\n\n\n<h2 class=\"wp-block-heading\"><strong>L\u2019\u00e9tablissement d\u2019hyperliens vers des sites Web autres que ceux du NSCOESN<\/strong><\/h2>\n\n\n\n<p>Les hyperliens menant \u00e0 des sites Web qui ne sont pas g\u00e9r\u00e9s par le NSCOESN, y compris ceux qui m\u00e8nent \u00e0 nos comptes de m\u00e9dias sociaux, ne sont offerts que par commodit\u00e9 aux visiteurs de notre site Web. Nous n\u2019assumons aucune responsabilit\u00e9 quant \u00e0 la pr\u00e9cision, l\u2019actualit\u00e9 ou la fiabilit\u00e9 du contenu de ces sites. Le NSCOESN n\u2019offre aucune garantie \u00e0 cet \u00e9gard, n\u2019assume aucune responsabilit\u00e9 concernant l\u2019information obtenue au moyen de ces liens et n\u2019approuve ni ces sites, ni leur contenu.<\/p>\n\n\n\n<p>Les visiteurs doivent \u00e9galement savoir que l\u2019information offerte par les sites autres que ceux du NSCOESN, accessibles \u00e0 l\u2019aide des liens de ce site Web, n\u2019est pas assujettie \u00e0 la&nbsp;<a href=\"http:\/\/laws-lois.justice.gc.ca\/fra\/lois\/O-3.01\/\" target=\"_blank\" rel=\"noreferrer noopener\"><em>Loi sur les langues officielles<\/em><\/a>. Il se peut que l\u2019information offerte ne soit disponible que dans les langues employ\u00e9es dans les sites en question. En ce qui a trait aux renseignements personnels, on invite les visiteurs \u00e0 consulter les politiques de ces sites Web en mati\u00e8re de protection des renseignements personnels avant de communiquer leurs renseignements personnels.<\/p>\n\n\n\n<h2 class=\"wp-block-heading\"><strong>Droits d\u2019auteur: Propri\u00e9t\u00e9 et utilisation du contenu offert sur ce site<\/strong><\/h2>\n\n\n\n<p>Les documents pr\u00e9sents sur ce site sont prot\u00e9g\u00e9s par la&nbsp;<em><u><a href=\"http:\/\/laws-lois.justice.gc.ca\/fra\/lois\/C-42\/index.html\" target=\"_blank\" rel=\"noreferrer noopener\">Loi sur le droit d\u2019auteur<\/a><\/u><\/em>, par les lois, les politiques et les r\u00e8glements du Canada ainsi que par des accords internationaux. Ces dispositions permettent d\u2019identifier la source de l\u2019information et, dans certains cas, d\u2019interdire la copie de documents sans permission \u00e9crite.<\/p>\n\n\n\n<h2 class=\"wp-block-heading\"><strong>Reproduction<\/strong><\/h2>\n\n\n\n<p>\u00c0 moins d\u2019avis contraire, il est interdit de reproduire le contenu de ce site, en totalit\u00e9 ou en partie, \u00e0 des fins de diffusion commerciale sans avoir obtenu au pr\u00e9alable la permission \u00e9crite du NSCOESN.<\/p>\n\n\n\n<p>Une partie du contenu de ce site pourrait faire l\u2019objet du droit d\u2019auteur d\u2019une tierce partie. Lorsque des informations sont produites et que le NSCOESN n\u2019est pas le d\u00e9tenteur des droits d\u2019auteur, le contenu est prot\u00e9g\u00e9 par la&nbsp;<em><a href=\"http:\/\/laws-lois.justice.gc.ca\/fra\/lois\/C-42\/index.html\" target=\"_blank\" rel=\"noreferrer noopener\">Loi sur le droit d\u2019auteur<\/a><\/em>, et par des ententes internationales. Les d\u00e9tails relatifs au droit d\u2019auteur sont pr\u00e9cis\u00e9s sur les pages pertinentes.<\/p>\n\n\n\n<h2 class=\"wp-block-heading\"><strong>Liens vers d\u2019autres sites Web et des annonces<\/strong><\/h2>\n\n\n\n<p>On peut trouver dans nos comptes de m\u00e9dias sociaux des liens ou des annonces li\u00e9s \u00e0 des sites Web \u00e9chappant \u00e0 notre contr\u00f4le. Ces liens sont fournis uniquement pour satisfaire les utilisateurs. Le NSCOESN n\u2019assume aucune responsabilit\u00e9 pour l\u2019information obtenue au moyen de ces liens ou de ces annonces et il n\u2019approuve ni les sites, ni leur contenu.<\/p>\n\n\n\n<h2 class=\"wp-block-heading\"><strong>Suivre, constituer une liste de favoris et s\u2019abonner<\/strong><\/h2>\n\n\n\n<p>Notre d\u00e9cision de \u00ab suivre \u00bb, \u00ab constituer une liste de favoris \u00bb ou \u00ab s\u2019abonner \u00bb \u00e0 un autre compte de m\u00e9dias sociaux ne signifie pas que nous approuvons ce compte, cette voie de communication, cette page ou ce site. Le m\u00eame principe s\u2019applique au partage (retransmission, republication ou lien) d\u2019un contenu provenant d\u2019un autre utilisateur.<\/p>\n\n\n\n<h2 class=\"wp-block-heading\"><strong>Commentaires et \u00e9changes<\/strong><\/h2>\n\n\n\n<p>Nous lirons les commentaires et nous participerons aux discussions en temps opportun. Assurez-vous que vos commentaires sont pertinents et respectueux. Nous nous r\u00e9servons le droit de supprimer les commentaires qui contreviennent \u00e0 cet avis et les utilisateurs concern\u00e9s peuvent \u00eatre bloqu\u00e9s et d\u00e9nonc\u00e9s afin de les emp\u00eacher d\u2019envoyer d\u2019autres commentaires inappropri\u00e9s.<\/p>\n\n\n\n<p>Nous ne pouvons pas nous prononcer sur des questions de politique partisane ou r\u00e9pondre \u00e0 des questions qui contreviennent aux r\u00e8gles \u00e9nonc\u00e9es dans cet avis.<\/p>\n\n\n\n<p>Nous nous r\u00e9servons le droit de modifier ou de supprimer les commentaires qui :<\/p>\n\n\n\n<ul class=\"wp-block-list\">\n<li>contiennent des renseignements personnels;<\/li>\n\n\n\n<li>ne respectent pas les principes \u00e9nonc\u00e9s dans la Charte canadienne des droits et libert\u00e9s;&nbsp;<em>Canadian Charter of Rights and Freedoms<\/em>;<\/li>\n\n\n\n<li>communiquent des messages racistes, haineux, sexistes, homophobes, diffamatoires, m\u00e9prisants ou constituant une menace de mort;<\/li>\n\n\n\n<li>portent des accusations graves, non prouv\u00e9es ou inexactes \u00e0 l\u2019endroit de personnes ou d\u2019organisations;<\/li>\n\n\n\n<li>sont agressifs, grossiers, violents, obsc\u00e8nes ou pornographiques;<\/li>\n\n\n\n<li>sont impolis, grossiers ou d\u00e9sobligeants pour une personne ou une organisation;<\/li>\n\n\n\n<li>ne sont pas envoy\u00e9s par l\u2019auteur ou sont envoy\u00e9s \u00e0 des fins publicitaires;<\/li>\n\n\n\n<li>encouragent des activit\u00e9s ill\u00e9gales;<\/li>\n\n\n\n<li>contiennent des annonces faisant la promotion d\u2019organisations syndicales ou politiques;<\/li>\n\n\n\n<li>sont r\u00e9dig\u00e9s dans une autre langue que le fran\u00e7ais ou l\u2019anglais;<\/li>\n\n\n\n<li>sont inintelligibles ou non pertinents;<\/li>\n\n\n\n<li>sont r\u00e9p\u00e9titifs ou constituent des pourriels; et<\/li>\n\n\n\n<li>ne contribuent pas, selon nous, au d\u00e9roulement normal de la discussion.<\/li>\n<\/ul>\n\n\n\n<p>Nous vous demandons d\u2019\u00eatre respectueux et de vous assurer que vos commentaires sont pertinents en fonction de l\u2019endroit o\u00f9 ils sont affich\u00e9s. Les opinions exprim\u00e9es dans les commentaires des utilisateurs de nos comptes de m\u00e9dias sociaux ne repr\u00e9sentent pas n\u00e9cessairement celles du NSCOESN.<\/p>\n\n\n\n<h2 class=\"wp-block-heading\"><strong>Droit d\u2019auteur<\/strong><\/h2>\n\n\n\n<p>L\u2019information publi\u00e9e par nous est assujettie \u00e0 la&nbsp;<a href=\"http:\/\/laws-lois.justice.gc.ca\/eng\/acts\/C-42\/index.html\" rel=\"noreferrer noopener\" target=\"_blank\"><em>Loi sur le droit d\u2019auteur<\/em><\/a>.<\/p>\n\n\n\n<h2 class=\"wp-block-heading\" id=\"privacy\"><strong>Confidentialit\u00e9<\/strong><\/h2>\n\n\n\n<p>Le NSCOESN s\u2019engage \u00e0 offrir des sites Web qui respectent la confidentialit\u00e9 des visiteurs. L\u2019avis de confidentialit\u00e9 r\u00e9sume les pratiques de protection des renseignements personnels pour les activit\u00e9s en ligne du BSGG. Cela signifie que vous serez avis\u00e9 de la raison pour laquelle vos renseignements personnels sont recueillis et de la fa\u00e7on d\u2019exercer vos droits d\u2019acc\u00e8s \u00e0 l\u2019information.<\/p>\n\n\n\n<h2 class=\"wp-block-heading\"><strong>Votre confidentialit\u00e9 et l\u2019Internet<\/strong><\/h2>\n\n\n\n<p>La nature d\u2019Internet est telle que les serveurs recueillent automatiquement certaines informations concernant la visite d\u2019un site Web, y compris l\u2019adresse du protocole Internet (IP). L\u2019adresse IP consiste en une s\u00e9rie de num\u00e9ros uniques accord\u00e9s par les fournisseurs de services Internet (FSI) \u00e0 tous les appareils utilis\u00e9s pour acc\u00e9der \u00e0 Internet. Les serveurs Web enregistrent automatiquement les adresses IP des visiteurs. Cette adresse, en soi, ne permet pas d\u2019identifier une personne. Par contre, dans certaines circonstances, comme avec la coop\u00e9ration d\u2019un FSI par exemple, elle peut \u00eatre utilis\u00e9e pour identifier une personne qui visite ce site. Pour cette raison, le NSCOESN juge que l\u2019adresse IP est un renseignement personnel, surtout lorsqu\u2019il est accompagn\u00e9 d\u2019autres donn\u00e9es qui sont recueillies automatiquement lorsqu\u2019un visiteur demande une page Web, comme la page consult\u00e9e, la date et l\u2019heure de la visite.<\/p>\n\n\n\n<p>\u00c0 moins d\u2019avis contraire, le NSCOESN ne recueille pas automatiquement d\u2019information pr\u00e9cise \u00e0 votre sujet, telle que votre nom, num\u00e9ro de t\u00e9l\u00e9phone ou adresse de courriel. Le NSCOESN peut obtenir ce genre d\u2019information uniquement si vous la fournissez, par exemple, dans un courriel ou en remplissant un formulaire en ligne. Le cas \u00e9ch\u00e9ant, la fa\u00e7on dont sont trait\u00e9s vos renseignements personnels est pr\u00e9cis\u00e9e dans un \u00e9nonc\u00e9 de collecte de renseignements personnels.<\/p>\n\n\n\n<p>Lorsque les services sont fournis par des organisations de l\u2019ext\u00e9rieur du NSCOESN, comme les plateformes de m\u00e9dias sociaux ou les applications mobiles, les adresses IP peuvent \u00eatre enregistr\u00e9es par un serveur Web du tiers fournisseur de services.<\/p>\n\n\n\n<h2 class=\"wp-block-heading\"><strong>Communiquer avec le NSCOESN<\/strong><\/h2>\n\n\n\n<p>Si vous choisissez d\u2019envoyer un courriel au NSCOESN ou remplissez un formulaire, vos renseignements personnels sont utilis\u00e9s par le NSCOESN pour r\u00e9pondre \u00e0 votre demande. Les renseignements personnels que vous fournissez ne seront partag\u00e9s avec une autre institution. Le NSCOESN ne peut pas les divulguer aux autres institutions.<\/p>\n\n\n\n<p>Les courriels et autres m\u00e9thodes \u00e9lectroniques utilis\u00e9es pour communiquer avec le NSCOSN ne sont pas s\u00e9curitaires, \u00e0 moins qu\u2019il ne soit pr\u00e9cis\u00e9 autrement dans la page Web. Il est donc recommand\u00e9 de ne pas transmettre des renseignements personnels sensibles, comme votre num\u00e9ro d\u2019assurance sociale ou votre date de naissance, par l\u2019entremise d\u2019une voie \u00e9lectronique non s\u00e9curis\u00e9e.<\/p>\n\n\n\n<h2 class=\"wp-block-heading\"><strong>M\u00e9dias sociaux de tiers<\/strong><\/h2>\n\n\n\n<p>L\u2019utilisation des m\u00e9dias sociaux par le NSCOESN est une prolongation de sa pr\u00e9sence Web. Les comptes de m\u00e9dias sociaux sont publics et ne sont pas h\u00e9berg\u00e9s par les serveurs du NSCOESN. Les utilisateurs qui d\u00e9cident d\u2019interagir avec nous par l\u2019entremise de ces m\u00e9dias doivent lire les conditions de service et les politiques de confidentialit\u00e9 de ces tiers fournisseurs de services et des applications utilis\u00e9es pour y avoir acc\u00e8s. Le NSCOESN utilise&nbsp;<a href=\"https:\/\/www.facebook.com\/about\/privacy\" target=\"_blank\" rel=\"noreferrer noopener\"><u>Facebook<\/u><\/a>,&nbsp;<a href=\"https:\/\/twitter.com\/fr\/privacy\" target=\"_blank\" rel=\"noreferrer noopener\"><u>X\/Twitter<\/u><\/a>, et&nbsp;<a href=\"https:\/\/www.linkedin.com\/legal\/privacy-policy\" target=\"_blank\" rel=\"noreferrer noopener\">LinkedIn<\/a>.<\/p>\n\n\n\n<p>Nos comptes de m\u00e9dias sociaux ne sont pas des sites du NSCOESN. Ils constituent seulement notre pr\u00e9sence sur les plateformes des tiers fournisseurs de services.<\/p>\n\n\n\n<p>Les renseignements personnels que vous fournissez au NSCOESN par l\u2019entremise de comptes de m\u00e9dias sociaux sont recueillis afin de saisir des conversations (p. ex., questions et r\u00e9ponses, commentaires, \u00ab j\u2019aime \u00bb, gazouillis partag\u00e9s entre vous et le NSCOESN. Ils peuvent \u00eatre utilis\u00e9s pour r\u00e9pondre \u00e0 des demandes, effectuer des \u00e9valuations statistiques ainsi qu\u2019\u00e0 des fins d\u2019\u00e9tablissement de rapports. Tout commentaire en violation avec la loi canadienne sera radi\u00e9 et divulgu\u00e9 aux autorit\u00e9s comp\u00e9tentes. Les commentaires publi\u00e9s qui enfreignent aux r\u00e8gles de participation seront \u00e9galement supprim\u00e9s.<\/p>\n\n\n\n<h2 class=\"wp-block-heading\"><strong>T\u00e9moins<\/strong><\/h2>\n\n\n\n<p>Cookies are used to track how our visitors use this site, to determine sites previously visited or to facilitate the use of secure portions of this site. A cookie is a file that may be placed on your hard drive without your knowledge by a website to monitor your use of the site. The cookies we use do not allow us to identify individuals. They are compiled into statistical information on traffic patterns and are used to assess and improve the efficiency of the site.<\/p>\n\n\n\n<p>Nous utilisons deux types de t\u00e9moins :<\/p>\n\n\n\n<ul class=\"wp-block-list\">\n<li>T\u00e9moins temporaires \u2013 Ce type de t\u00e9moin fait partie int\u00e9grante du processus d\u2019identification de certaines de nos applications en ligne. Il s\u2019agit d\u2019une mesure de s\u00e9curit\u00e9 visant \u00e0 d\u00e9terminer si vous \u00eates bien la personne que vous pr\u00e9tendez \u00eatre et \u00e0 vous fournir les renseignements confidentiels qui figurent dans votre compte pendant une session de travail. Aucun renseignement personnel n\u2019est enregistr\u00e9 dans les t\u00e9moins temporaires, qui sont stock\u00e9s dans la m\u00e9moire temporaire de votre navigateur (m\u00e9moire cache). Les t\u00e9moins ne sont plus valides lorsque vous fermez votre session et ils sont supprim\u00e9s lorsque vous fermez votre navigateur.<\/li>\n\n\n\n<li>T\u00e9moins permanents \u2013 Ces t\u00e9moins peuvent \u00eatre relus lorsque vous retournez sur le site qui les a plac\u00e9s sur votre ordinateur. Les renseignements stock\u00e9s dans ces t\u00e9moins sont enregistr\u00e9s sur votre disque dur et y demeurent jusqu\u2019\u00e0 leur date d\u2019expiration. Ils servent \u00e0 identifier les utilisateurs, \u00e0 personnaliser les fonctions (p. ex. retenir la langue officielle que vous pr\u00e9f\u00e9rez) et \u00e0 surveiller la structure du trafic en provenance de notre site et vers celui-ci. Pour obtenir plus de renseignements sur les mesures de surveillance que nous utilisons, consultez la section \u00ab Google Analytics \u00bb ci-dessous.<\/li>\n<\/ul>\n\n\n\n<p>Vous pouvez ajuster les param\u00e8tres de votre navigateur de sorte \u00e0 rejeter les t\u00e9moins. Toutefois, ceci pourrait avoir une incidence sur votre capacit\u00e9 d\u2019interagir avec le site Web du NSCOESN.<\/p>\n\n\n\n<h2 class=\"wp-block-heading\"><strong>Google Analytics<\/strong><\/h2>\n\n\n\n<p>Google Analytics, un service d\u2019analyse Web fourni par Google inc., est utilis\u00e9 pour analyser la structure du trafic en provenance de notre site Web public, vers notre site et \u00e0 l\u2019int\u00e9rieur de celui-ci. Cet outil de mesure analytique utilise des t\u00e9moins temporaires et permanents pour recueillir des donn\u00e9es standards de fichiers journaux Internet et pour surveiller de fa\u00e7on anonyme les donn\u00e9es relatives aux habitudes des visiteurs. Les t\u00e9moins permanents sont plac\u00e9s sur votre ordinateur et viennent \u00e0 \u00e9ch\u00e9ance deux ans apr\u00e8s votre derni\u00e8re visite sur notre site Web. Les renseignements g\u00e9n\u00e9r\u00e9s par les t\u00e9moins sur l\u2019utilisation du site Web (y compris votre adresse IP sous forme abr\u00e9g\u00e9e pour assurer l\u2019anonymat) sont transmis \u00e0 Google. Aucun renseignement personnel permettant de vous identifier n\u2019est enregistr\u00e9 ou fourni \u00e0 Google. Ces renseignements anonymes servent \u00e0 \u00e9valuer l\u2019utilisation du site du NSCOESN et \u00e0 produire des rapports statistiques sur l\u2019activit\u00e9 dans le site. Les donn\u00e9es d\u2019ensemble et les rapports statistiques ne sont utilis\u00e9s que pour rendre notre site plus utile pour les visiteurs et ils ne sont communiqu\u00e9s qu\u2019aux gestionnaires Web et aux autres employ\u00e9s d\u00e9sign\u00e9s qui ont besoin de cette information pour remplir leurs fonctions.<\/p>\n\n\n\n<p>Vous trouverez sur le site Web de Google de plus amples renseignements sur Google Analytics, notamment les&nbsp;<a href=\"http:\/\/www.google.com\/intl\/fr_ALL\/privacy\/privacy-policy.html\" target=\"_blank\" rel=\"noreferrer noopener\"><u>r\u00e8gles de confidentialit\u00e9 qui s\u2019appliquent<\/u><\/a>.<\/p>\n\n\n\n<p>Si vous le souhaitez, vous pouvez choisir de ne pas \u00eatre surveill\u00e9 par Google Analytics en d\u00e9sactivant ou en refusant les t\u00e9moins, en d\u00e9sactivant JavaScript dans votre navigateur ou en installant le&nbsp;<a href=\"http:\/\/tools.google.com\/dlpage\/gaoptout?hl=fr\" target=\"_blank\" rel=\"noreferrer noopener\">Module compl\u00e9mentaire de navigateur pour la d\u00e9sactivation de Google Analytics<\/a>. En d\u00e9sactivant Google Analytics ou JavaScript, vous pourrez acc\u00e9der \u00e0 des renseignements ou \u00e0 des services comparables sur notre site Web. Cependant, si vous d\u00e9sactivez les t\u00e9moins temporaires, vous pourrez acc\u00e9der \u00e0 notre site Web public, mais vous pourriez avoir des probl\u00e8mes \u00e0 acc\u00e9der aux services s\u00e9curis\u00e9s.<\/p>\n\n\n\n<h2 class=\"wp-block-heading\"><strong>Veiller \u00e0 la s\u00e9curit\u00e9 du site Web du NESOESN<\/strong><\/h2>\n\n\n\n<p>Le NSCOESN utilise des logiciels pour suivre le trafic sur le r\u00e9seau et pour rep\u00e9rer les essais non autoris\u00e9s de t\u00e9l\u00e9chargement ou de modification de renseignements ou encore les tentatives d\u2019acc\u00e8s visant \u00e0 causer des dommages. Le logiciel re\u00e7oit et enregistre l\u2019adresse IP de l\u2019ordinateur qui a communiqu\u00e9 avec notre site Web, la date et l\u2019heure de la visite et les pages consult\u00e9es. Nous ne tentons pas d\u2019\u00e9tablir de lien entre ces adresses et l\u2019identit\u00e9 des utilisateurs qui consultent notre site Web \u00e0 moins d\u2019avoir d\u00e9tect\u00e9 une tentative de dommage \u00e0 notre site.<\/p>\n\n\n\n<p>Ces donn\u00e9es sont recueillies conform\u00e9ment \u00e0&nbsp;<a href=\"http:\/\/laws-lois.justice.gc.ca\/fra\/lois\/F-11\/page-28.html?txthl=section+161\" target=\"_blank\" rel=\"noreferrer noopener\"><u>section 161 of the&nbsp;<em>l\u2019article 161 de la Loi sur la gestion des finances publiques<\/em><\/u><\/a>. Ces renseignements peuvent \u00eatre communiqu\u00e9s aux organismes charg\u00e9s de l\u2019application de la loi que si l\u2019on soup\u00e7onne des activit\u00e9s criminelles possibles. De tels renseignements peuvent \u00eatre utilis\u00e9s pour \u00e9tablir des statistiques sur la s\u00e9curit\u00e9 du r\u00e9seau, ainsi qu\u2019\u00e0 des fins de v\u00e9rification, d\u2019\u00e9valuation, de recherche, de planification et d\u2019\u00e9tablissement de rapports.<\/p>\n\n\n\n<h2 class=\"wp-block-heading\"><strong>Pour en apprendre davantage sur ces pratiques<\/strong><\/h2>\n\n\n\n<p>Si vous avez des questions, des commentaires, des pr\u00e9occupations ou des plaintes concernant l\u2019administration des politiques sur la protection de la vie priv\u00e9e relatives \u00e0 la pr\u00e9sence Web du NSCOESN, vous pouvez communiquer avec notre coordonnateur de l\u2019acc\u00e8s \u00e0 l\u2019information et de la protection des renseignements personnels par courriel.<\/p>\n\n\n\n<figure class=\"wp-block-image aligncenter size-medium\"><img loading=\"lazy\" decoding=\"async\" width=\"300\" height=\"100\" src=\"\/wp-content\/uploads\/contact-300x100.png\" alt=\"\" class=\"wp-image-277\" srcset=\"\/wp-content\/uploads\/contact-300x100.png 300w, \/wp-content\/uploads\/contact.png 385w\" sizes=\"auto, (max-width: 300px) 100vw, 300px\" \/><\/figure>","protected":false},"excerpt":{"rendered":"<p>Providing content in Canada&#8217;s official languages The&nbsp;Official Languages Act, the&nbsp;Official Languages (Communications with and Services to the Public) Regulations establish when we use both English and French to provide services to or communicate with members of the public. When there is no obligation to provide information in both official languages, content may be available in [&hellip;]<\/p>\n","protected":false},"author":14,"featured_media":0,"parent":0,"menu_order":0,"comment_status":"closed","ping_status":"closed","template":"","meta":{"_eb_attr":"","footnotes":""},"class_list":["post-3","page","type-page","status-publish","hentry"],"_links":{"self":[{"href":"https:\/\/nscoesn.ca\/fr\/wp-json\/wp\/v2\/pages\/3","targetHints":{"allow":["GET"]}}],"collection":[{"href":"https:\/\/nscoesn.ca\/fr\/wp-json\/wp\/v2\/pages"}],"about":[{"href":"https:\/\/nscoesn.ca\/fr\/wp-json\/wp\/v2\/types\/page"}],"author":[{"embeddable":true,"href":"https:\/\/nscoesn.ca\/fr\/wp-json\/wp\/v2\/users\/14"}],"replies":[{"embeddable":true,"href":"https:\/\/nscoesn.ca\/fr\/wp-json\/wp\/v2\/comments?post=3"}],"version-history":[{"count":15,"href":"https:\/\/nscoesn.ca\/fr\/wp-json\/wp\/v2\/pages\/3\/revisions"}],"predecessor-version":[{"id":844,"href":"https:\/\/nscoesn.ca\/fr\/wp-json\/wp\/v2\/pages\/3\/revisions\/844"}],"wp:attachment":[{"href":"https:\/\/nscoesn.ca\/fr\/wp-json\/wp\/v2\/media?parent=3"}],"curies":[{"name":"wp","href":"https:\/\/api.w.org\/{rel}","templated":true}]}}